{"id":17520,"date":"2025-03-07T14:18:50","date_gmt":"2025-03-07T13:18:50","guid":{"rendered":"https:\/\/ceti.one\/tactile-internet\/k1-haptic-codecs-copy\/"},"modified":"2025-05-22T17:13:54","modified_gmt":"2025-05-22T15:13:54","slug":"u1-surgery","status":"publish","type":"page","link":"https:\/\/ceti.one\/de\/tactile-internet-ceti2\/u1-surgery\/","title":{"rendered":"U1 \u2013 Chirurgie"},"content":{"rendered":"<p><div class=\"fusion-fullwidth fullwidth-box fusion-builder-row-1 fusion-flex-container nonhundred-percent-fullwidth non-hundred-percent-height-scrolling\" style=\"--awb-border-radius-top-left:0px;--awb-border-radius-top-right:0px;--awb-border-radius-bottom-right:0px;--awb-border-radius-bottom-left:0px;--awb-background-image:linear-gradient(90deg, var(--awb-custom_color_2) 0%,var(--awb-color1) 100%);--awb-flex-wrap:wrap;\" ><div class=\"fusion-builder-row fusion-row fusion-flex-align-items-flex-start fusion-flex-content-wrap\" style=\"max-width:calc( 1800px + 75px );margin-left: calc(-75px \/ 2 );margin-right: calc(-75px \/ 2 );\"><div class=\"fusion-layout-column fusion_builder_column fusion-builder-column-0 fusion_builder_column_1_3 1_3 fusion-flex-column body-text-force-white\" style=\"--awb-bg-color:var(--awb-color1);--awb-bg-color-hover:var(--awb-color1);--awb-bg-blend:overlay;--awb-bg-size:cover;--awb-width-large:33.333333333333%;--awb-margin-top-large:0px;--awb-spacing-right-large:37.5px;--awb-margin-bottom-large:0px;--awb-spacing-left-large:37.5px;--awb-width-medium:40%;--awb-spacing-right-medium:20\u00dfx;--awb-spacing-left-medium:20px;--awb-width-small:100%;--awb-spacing-right-small:20\u00dfx;--awb-spacing-left-small:20px;\"><div class=\"fusion-column-wrapper fusion-flex-justify-content-flex-start fusion-content-layout-column\"><div class=\"fusion-image-element\" style=\"--awb-caption-title-font-family:var(--h2_typography-font-family);--awb-caption-title-font-weight:var(--h2_typography-font-weight);--awb-caption-title-font-style:var(--h2_typography-font-style);--awb-caption-title-size:var(--h2_typography-font-size);--awb-caption-title-transform:var(--h2_typography-text-transform);--awb-caption-title-line-height:var(--h2_typography-line-height);--awb-caption-title-letter-spacing:var(--h2_typography-letter-spacing);\"><span class=\"fusion-imageframe imageframe-none imageframe-1 hover-type-none\"><img decoding=\"async\" width=\"1858\" height=\"1858\" title=\"header_image_room_U1\" src=\"https:\/\/ceti.one\/wp-content\/uploads\/header_image_room_U1.png\" data-orig-src=\"https:\/\/ceti.one\/wp-content\/uploads\/header_image_room_U1.png\" alt class=\"lazyload img-responsive wp-image-17592\" srcset=\"data:image\/svg+xml,%3Csvg%20xmlns%3D%27http%3A%2F%2Fwww.w3.org%2F2000%2Fsvg%27%20width%3D%271858%27%20height%3D%271858%27%20viewBox%3D%270%200%201858%201858%27%3E%3Crect%20width%3D%271858%27%20height%3D%271858%27%20fill-opacity%3D%220%22%2F%3E%3C%2Fsvg%3E\" data-srcset=\"https:\/\/ceti.one\/wp-content\/uploads\/header_image_room_U1-200x200.png 200w, https:\/\/ceti.one\/wp-content\/uploads\/header_image_room_U1-400x400.png 400w, https:\/\/ceti.one\/wp-content\/uploads\/header_image_room_U1-600x600.png 600w, https:\/\/ceti.one\/wp-content\/uploads\/header_image_room_U1-800x800.png 800w, https:\/\/ceti.one\/wp-content\/uploads\/header_image_room_U1-1200x1200.png 1200w, https:\/\/ceti.one\/wp-content\/uploads\/header_image_room_U1.png 1858w\" data-sizes=\"auto\" data-orig-sizes=\"(max-width: 1024px) 100vw, (max-width: 640px) 100vw, 800px\" \/><\/span><\/div><\/div><\/div><div class=\"fusion-layout-column fusion_builder_column fusion-builder-column-1 fusion_builder_column_1_2 1_2 fusion-flex-column body-text-force-white\" style=\"--awb-bg-blend:overlay;--awb-bg-size:cover;--awb-width-large:50%;--awb-margin-top-large:0px;--awb-spacing-right-large:37.5px;--awb-margin-bottom-large:0px;--awb-spacing-left-large:37.5px;--awb-width-medium:60%;--awb-spacing-right-medium:20px;--awb-spacing-left-medium:37.5px;--awb-width-small:100%;--awb-spacing-right-small:37.5px;--awb-spacing-left-small:37.5px;\"><div class=\"fusion-column-wrapper fusion-flex-justify-content-flex-start fusion-content-layout-column\"><div class=\"fusion-title title fusion-title-1 fusion-sep-none fusion-title-text fusion-title-size-three\" style=\"--awb-text-color:var(--awb-color8);--awb-margin-top-small:10px;--awb-margin-right-small:0px;--awb-margin-bottom-small:10px;--awb-margin-left-small:0px;--awb-font-size:var(--awb-typography3-font-size);\"><h3 class=\"fusion-title-heading title-heading-left fusion-responsive-typography-calculated\" style=\"font-family:var(--awb-typography3-font-family);font-weight:var(--awb-typography3-font-weight);font-style:var(--awb-typography3-font-style);margin:0;letter-spacing:var(--awb-typography3-letter-spacing);text-transform:var(--awb-typography3-text-transform);font-size:1em;--fontSize:40;line-height:var(--awb-typography3-line-height);\">U1 Raum<\/h3><\/div><div class=\"fusion-title title fusion-title-2 fusion-sep-none fusion-title-text fusion-title-size-one\" style=\"--awb-text-color:var(--awb-color8);--awb-margin-top-small:10px;--awb-margin-right-small:0px;--awb-margin-bottom-small:10px;--awb-margin-left-small:0px;--awb-font-size:var(--awb-typography1-font-size);\"><h1 class=\"fusion-title-heading title-heading-left fusion-responsive-typography-calculated\" style=\"font-family:var(--awb-typography1-font-family);font-weight:var(--awb-typography1-font-weight);font-style:var(--awb-typography1-font-style);margin:0;letter-spacing:var(--awb-typography1-letter-spacing);text-transform:var(--awb-typography1-text-transform);font-size:1em;--fontSize:100;line-height:var(--awb-typography1-line-height);\"><h1>Chirurgie<\/h1><\/h1><\/div><div class=\"fusion-text fusion-text-1 body-text-force-larger-font\" style=\"--awb-font-size:var(--awb-typography4-font-size);--awb-line-height:var(--awb-typography4-line-height);--awb-letter-spacing:var(--awb-typography4-letter-spacing);--awb-text-transform:var(--awb-typography4-text-transform);--awb-text-color:var(--awb-color8);--awb-text-font-family:var(--awb-typography4-font-family);--awb-text-font-weight:var(--awb-typography4-font-weight);--awb-text-font-style:var(--awb-typography4-font-style);\"><p>Die Chirurgie ist einer der Forschungsbereiche des CeTI-Projekts, das darauf abzielt, das taktile Internet in Operationss\u00e4le zu integrieren, um die 5,7 Millionen Todesf\u00e4lle pro Jahr zu reduzieren, die durch chirurgische Fehler und eingeschr\u00e4nkten Zugang verursacht werden, was durch den Mangel an Chirurgen in einer alternden Gesellschaft noch versch\u00e4rft wird. Mit Hilfe von CeTI-Sensoren und fortschrittlichen kognitiven Modellen soll die Zusammenarbeit zwischen Chirurgen und Maschinen verbessert werden, um die gemeinsame Autonomie und das Erlernen komplexer chirurgischer F\u00e4higkeiten zu f\u00f6rdern.<\/p>\n<\/div><\/div><\/div><\/div><\/div><div class=\"fusion-fullwidth fullwidth-box fusion-builder-row-2 fusion-flex-container has-pattern-background has-mask-background nonhundred-percent-fullwidth non-hundred-percent-height-scrolling containerOverflow\" style=\"--awb-border-radius-top-left:0px;--awb-border-radius-top-right:0px;--awb-border-radius-bottom-right:0px;--awb-border-radius-bottom-left:0px;--awb-background-color:var(--awb-color1);--awb-flex-wrap:wrap;\" ><div class=\"fusion-builder-row fusion-row fusion-flex-align-items-flex-start fusion-flex-justify-content-space-between fusion-flex-content-wrap\" style=\"max-width:calc( 1800px + 75px );margin-left: calc(-75px \/ 2 );margin-right: calc(-75px \/ 2 );\"><div class=\"fusion-layout-column fusion_builder_column fusion-builder-column-2 fusion_builder_column_3_5 3_5 fusion-flex-column\" style=\"--awb-z-index:2;--awb-bg-color:var(--awb-color1);--awb-bg-color-hover:var(--awb-color1);--awb-bg-size:cover;--awb-width-large:60%;--awb-margin-top-large:100px;--awb-spacing-right-large:37.5px;--awb-margin-bottom-large:0px;--awb-spacing-left-large:37.5px;--awb-width-medium:100%;--awb-order-medium:1;--awb-spacing-right-medium:37.5px;--awb-spacing-left-medium:37.5px;--awb-width-small:100%;--awb-order-small:1;--awb-spacing-right-small:37.5px;--awb-spacing-left-small:37.5px;\"><div class=\"fusion-column-wrapper fusion-column-has-shadow fusion-flex-justify-content-flex-start fusion-content-layout-column\"><div class=\"fusion-image-element\" style=\"--awb-margin-bottom:50px;--awb-caption-title-font-family:var(--h2_typography-font-family);--awb-caption-title-font-weight:var(--h2_typography-font-weight);--awb-caption-title-font-style:var(--h2_typography-font-style);--awb-caption-title-size:var(--h2_typography-font-size);--awb-caption-title-transform:var(--h2_typography-text-transform);--awb-caption-title-line-height:var(--h2_typography-line-height);--awb-caption-title-letter-spacing:var(--h2_typography-letter-spacing);\"><span class=\"fusion-imageframe imageframe-none imageframe-2 hover-type-none\"><img decoding=\"async\" width=\"1920\" height=\"840\" title=\"Surgery_filigran_3_CG_4_gamification\" src=\"https:\/\/ceti.one\/wp-content\/uploads\/Surgery_filigran_3_CG_4_gamification.png\" data-orig-src=\"https:\/\/ceti.one\/wp-content\/uploads\/Surgery_filigran_3_CG_4_gamification.png\" alt class=\"lazyload img-responsive wp-image-18010\" srcset=\"data:image\/svg+xml,%3Csvg%20xmlns%3D%27http%3A%2F%2Fwww.w3.org%2F2000%2Fsvg%27%20width%3D%271920%27%20height%3D%27840%27%20viewBox%3D%270%200%201920%20840%27%3E%3Crect%20width%3D%271920%27%20height%3D%27840%27%20fill-opacity%3D%220%22%2F%3E%3C%2Fsvg%3E\" data-srcset=\"https:\/\/ceti.one\/wp-content\/uploads\/Surgery_filigran_3_CG_4_gamification-200x88.png 200w, https:\/\/ceti.one\/wp-content\/uploads\/Surgery_filigran_3_CG_4_gamification-400x175.png 400w, https:\/\/ceti.one\/wp-content\/uploads\/Surgery_filigran_3_CG_4_gamification-600x263.png 600w, https:\/\/ceti.one\/wp-content\/uploads\/Surgery_filigran_3_CG_4_gamification-800x350.png 800w, https:\/\/ceti.one\/wp-content\/uploads\/Surgery_filigran_3_CG_4_gamification-1200x525.png 1200w, https:\/\/ceti.one\/wp-content\/uploads\/Surgery_filigran_3_CG_4_gamification.png 1920w\" data-sizes=\"auto\" data-orig-sizes=\"(max-width: 1024px) 100vw, (max-width: 640px) 100vw, 1200px\" \/><\/span><\/div><div class=\"fusion-image-element\" style=\"--awb-caption-title-font-family:var(--h2_typography-font-family);--awb-caption-title-font-weight:var(--h2_typography-font-weight);--awb-caption-title-font-style:var(--h2_typography-font-style);--awb-caption-title-size:var(--h2_typography-font-size);--awb-caption-title-transform:var(--h2_typography-text-transform);--awb-caption-title-line-height:var(--h2_typography-line-height);--awb-caption-title-letter-spacing:var(--h2_typography-letter-spacing);\"><span class=\"fusion-imageframe imageframe-none imageframe-3 hover-type-none\"><img decoding=\"async\" width=\"1232\" height=\"928\" title=\"U1_2_nichtfinal_cg\" src=\"https:\/\/ceti.one\/wp-content\/uploads\/U1_2_nichtfinal_cg.png\" data-orig-src=\"https:\/\/ceti.one\/wp-content\/uploads\/U1_2_nichtfinal_cg.png\" alt class=\"lazyload img-responsive wp-image-18011\" srcset=\"data:image\/svg+xml,%3Csvg%20xmlns%3D%27http%3A%2F%2Fwww.w3.org%2F2000%2Fsvg%27%20width%3D%271232%27%20height%3D%27928%27%20viewBox%3D%270%200%201232%20928%27%3E%3Crect%20width%3D%271232%27%20height%3D%27928%27%20fill-opacity%3D%220%22%2F%3E%3C%2Fsvg%3E\" data-srcset=\"https:\/\/ceti.one\/wp-content\/uploads\/U1_2_nichtfinal_cg-200x151.png 200w, https:\/\/ceti.one\/wp-content\/uploads\/U1_2_nichtfinal_cg-400x301.png 400w, https:\/\/ceti.one\/wp-content\/uploads\/U1_2_nichtfinal_cg-600x452.png 600w, https:\/\/ceti.one\/wp-content\/uploads\/U1_2_nichtfinal_cg-800x603.png 800w, https:\/\/ceti.one\/wp-content\/uploads\/U1_2_nichtfinal_cg-1200x904.png 1200w, https:\/\/ceti.one\/wp-content\/uploads\/U1_2_nichtfinal_cg.png 1232w\" data-sizes=\"auto\" data-orig-sizes=\"(max-width: 1024px) 100vw, (max-width: 640px) 100vw, 1200px\" \/><\/span><\/div><\/div><\/div><div class=\"fusion-layout-column fusion_builder_column fusion-builder-column-3 awb-sticky awb-sticky-small awb-sticky-medium awb-sticky-large fusion_builder_column_2_5 2_5 fusion-flex-column\" style=\"--awb-z-index:-1;--awb-bg-size:cover;--awb-width-large:40%;--awb-margin-top-large:100px;--awb-spacing-right-large:37.5px;--awb-margin-bottom-large:0px;--awb-spacing-left-large:37.5px;--awb-width-medium:100%;--awb-order-medium:0;--awb-spacing-right-medium:37.5px;--awb-spacing-left-medium:37.5px;--awb-width-small:100%;--awb-order-small:0;--awb-spacing-right-small:37.5px;--awb-spacing-left-small:37.5px;--awb-sticky-offset:100px;\"><div class=\"fusion-column-wrapper fusion-column-has-shadow fusion-flex-justify-content-flex-start fusion-content-layout-column\"><div class=\"fusion-title title fusion-title-3 fusion-sep-none fusion-title-text fusion-title-size-two\" style=\"--awb-text-color:var(--awb-color8);--awb-margin-top-small:10px;--awb-margin-right-small:0px;--awb-margin-bottom-small:10px;--awb-margin-left-small:0px;--awb-font-size:var(--awb-typography2-font-size);\"><h2 class=\"fusion-title-heading title-heading-left fusion-responsive-typography-calculated\" style=\"font-family:var(--awb-typography2-font-family);font-weight:var(--awb-typography2-font-weight);font-style:var(--awb-typography2-font-style);margin:0;letter-spacing:var(--awb-typography2-letter-spacing);text-transform:var(--awb-typography2-text-transform);font-size:1em;--fontSize:55;line-height:var(--awb-typography2-line-height);\">Anwendungsbereiche<\/h2><\/div><div class=\"fusion-title title fusion-title-4 fusion-sep-none fusion-title-text fusion-title-size-three\" style=\"--awb-margin-top-small:10px;--awb-margin-right-small:0px;--awb-margin-bottom-small:10px;--awb-margin-left-small:0px;--awb-font-size:25px;\"><h3 class=\"fusion-title-heading title-heading-left fusion-responsive-typography-calculated\" style=\"font-family:var(--awb-custom_typography_1-font-family);font-weight:var(--awb-custom_typography_1-font-weight);font-style:var(--awb-custom_typography_1-font-style);margin:0;font-size:1em;--fontSize:25;--minFontSize:25;line-height:1.1;\">Teilautonomie mit kognitiven Robotern<\/h3><\/div><div class=\"fusion-text fusion-text-2\"><p>Teilautomatisierung chirurgischer Aufgaben, wie z. B. N\u00e4hen, mit mehrarmigen kognitiven Robotern.<\/p>\n<\/div><div class=\"fusion-title title fusion-title-5 fusion-sep-none fusion-title-text fusion-title-size-three\" style=\"--awb-margin-top-small:10px;--awb-margin-right-small:0px;--awb-margin-bottom-small:10px;--awb-margin-left-small:0px;--awb-font-size:25px;\"><h3 class=\"fusion-title-heading title-heading-left fusion-responsive-typography-calculated\" style=\"font-family:var(--awb-custom_typography_1-font-family);font-weight:var(--awb-custom_typography_1-font-weight);font-style:var(--awb-custom_typography_1-font-style);margin:0;font-size:1em;--fontSize:25;--minFontSize:25;line-height:1.1;\">mmersives Lernen von F\u00e4higkeiten im Metaverse<\/h3><\/div><div class=\"fusion-text fusion-text-3 fusion-text-no-margin\" style=\"--awb-margin-bottom:50px;\"><p>Immersives Erlernen fortgeschrittener chirurgischer Fertigkeiten durch interaktive Simulationen.<\/p>\n<\/div><div class=\"fusion-title title fusion-title-6 fusion-sep-none fusion-title-text fusion-title-size-two\" style=\"--awb-margin-top-small:10px;--awb-margin-right-small:0px;--awb-margin-bottom-small:10px;--awb-margin-left-small:0px;\"><h2 class=\"fusion-title-heading title-heading-left fusion-responsive-typography-calculated\" style=\"margin:0;--fontSize:55;line-height:var(--awb-typography2-line-height);\">Erwartete Ergebnisse<\/h2><\/div><div class=\"fusion-text fusion-text-4\"><ul>\n<li>Erstellung einer Datenbank mit 1000 Demonstrationen von chirurgischen Fertigkeiten.<\/li>\n<li>Entwicklung eines halbautomatischen Modells f\u00fcr komplexe Aufgaben wie das N\u00e4hen.<\/li>\n<li>Verf\u00fcgbarkeit eines mehrarmigen Systems f\u00fcr die autonome Chirurgie und eines immersiven Trainingscurriculums im Metaversum.<\/li>\n<\/ul>\n<\/div><\/div><\/div><\/div><\/div><\/p>","protected":false},"excerpt":{"rendered":"","protected":false},"author":27,"featured_media":0,"parent":17518,"menu_order":0,"comment_status":"closed","ping_status":"closed","template":"100-width.php","meta":{"_acf_changed":false,"inline_featured_image":false,"footnotes":""},"class_list":["post-17520","page","type-page","status-publish","hentry"],"acf":[],"_links":{"self":[{"href":"https:\/\/ceti.one\/de\/wp-json\/wp\/v2\/pages\/17520","targetHints":{"allow":["GET"]}}],"collection":[{"href":"https:\/\/ceti.one\/de\/wp-json\/wp\/v2\/pages"}],"about":[{"href":"https:\/\/ceti.one\/de\/wp-json\/wp\/v2\/types\/page"}],"author":[{"embeddable":true,"href":"https:\/\/ceti.one\/de\/wp-json\/wp\/v2\/users\/27"}],"replies":[{"embeddable":true,"href":"https:\/\/ceti.one\/de\/wp-json\/wp\/v2\/comments?post=17520"}],"version-history":[{"count":0,"href":"https:\/\/ceti.one\/de\/wp-json\/wp\/v2\/pages\/17520\/revisions"}],"up":[{"embeddable":true,"href":"https:\/\/ceti.one\/de\/wp-json\/wp\/v2\/pages\/17518"}],"wp:attachment":[{"href":"https:\/\/ceti.one\/de\/wp-json\/wp\/v2\/media?parent=17520"}],"curies":[{"name":"wp","href":"https:\/\/api.w.org\/{rel}","templated":true}]}}