{"id":17527,"date":"2025-03-07T14:21:51","date_gmt":"2025-03-07T13:21:51","guid":{"rendered":"https:\/\/ceti.one\/tactile-internet-ceti2\/u1-surgery-copy-copy-copy\/"},"modified":"2025-05-22T17:13:55","modified_gmt":"2025-05-22T15:13:55","slug":"u4-edutainment","status":"publish","type":"page","link":"https:\/\/ceti.one\/de\/tactile-internet-ceti2\/u4-edutainment\/","title":{"rendered":"U4 \u2013 Edutainment"},"content":{"rendered":"<p><div class=\"fusion-fullwidth fullwidth-box fusion-builder-row-1 fusion-flex-container nonhundred-percent-fullwidth non-hundred-percent-height-scrolling\" style=\"--awb-border-radius-top-left:0px;--awb-border-radius-top-right:0px;--awb-border-radius-bottom-right:0px;--awb-border-radius-bottom-left:0px;--awb-background-image:linear-gradient(90deg, var(--awb-custom_color_2) 0%,var(--awb-color1) 100%);--awb-flex-wrap:wrap;\" ><div class=\"fusion-builder-row fusion-row fusion-flex-align-items-flex-start fusion-flex-content-wrap\" style=\"max-width:calc( 1800px + 75px );margin-left: calc(-75px \/ 2 );margin-right: calc(-75px \/ 2 );\"><div class=\"fusion-layout-column fusion_builder_column fusion-builder-column-0 fusion_builder_column_1_3 1_3 fusion-flex-column body-text-force-white\" style=\"--awb-bg-color:var(--awb-color1);--awb-bg-color-hover:var(--awb-color1);--awb-bg-blend:overlay;--awb-bg-size:cover;--awb-width-large:33.333333333333%;--awb-margin-top-large:0px;--awb-spacing-right-large:37.5px;--awb-margin-bottom-large:0px;--awb-spacing-left-large:37.5px;--awb-width-medium:40%;--awb-spacing-right-medium:20px;--awb-spacing-left-medium:20px;--awb-width-small:100%;--awb-spacing-right-small:37.5px;--awb-spacing-left-small:37.5px;\"><div class=\"fusion-column-wrapper fusion-flex-justify-content-flex-start fusion-content-layout-column\"><div class=\"fusion-image-element\" style=\"--awb-caption-title-font-family:var(--h2_typography-font-family);--awb-caption-title-font-weight:var(--h2_typography-font-weight);--awb-caption-title-font-style:var(--h2_typography-font-style);--awb-caption-title-size:var(--h2_typography-font-size);--awb-caption-title-transform:var(--h2_typography-text-transform);--awb-caption-title-line-height:var(--h2_typography-line-height);--awb-caption-title-letter-spacing:var(--h2_typography-letter-spacing);\"><span class=\"fusion-imageframe imageframe-none imageframe-1 hover-type-none\"><img decoding=\"async\" width=\"1858\" height=\"1858\" title=\"header_image_room_U4\" src=\"https:\/\/ceti.one\/wp-content\/uploads\/header_image_room_U4.png\" data-orig-src=\"https:\/\/ceti.one\/wp-content\/uploads\/header_image_room_U4.png\" alt class=\"lazyload img-responsive wp-image-17595\" srcset=\"data:image\/svg+xml,%3Csvg%20xmlns%3D%27http%3A%2F%2Fwww.w3.org%2F2000%2Fsvg%27%20width%3D%271858%27%20height%3D%271858%27%20viewBox%3D%270%200%201858%201858%27%3E%3Crect%20width%3D%271858%27%20height%3D%271858%27%20fill-opacity%3D%220%22%2F%3E%3C%2Fsvg%3E\" data-srcset=\"https:\/\/ceti.one\/wp-content\/uploads\/header_image_room_U4-200x200.png 200w, https:\/\/ceti.one\/wp-content\/uploads\/header_image_room_U4-400x400.png 400w, https:\/\/ceti.one\/wp-content\/uploads\/header_image_room_U4-600x600.png 600w, https:\/\/ceti.one\/wp-content\/uploads\/header_image_room_U4-800x800.png 800w, https:\/\/ceti.one\/wp-content\/uploads\/header_image_room_U4-1200x1200.png 1200w, https:\/\/ceti.one\/wp-content\/uploads\/header_image_room_U4.png 1858w\" data-sizes=\"auto\" data-orig-sizes=\"(max-width: 1024px) 100vw, (max-width: 640px) 100vw, 800px\" \/><\/span><\/div><\/div><\/div><div class=\"fusion-layout-column fusion_builder_column fusion-builder-column-1 fusion_builder_column_1_2 1_2 fusion-flex-column body-text-force-white\" style=\"--awb-bg-blend:overlay;--awb-bg-size:cover;--awb-width-large:50%;--awb-margin-top-large:0px;--awb-spacing-right-large:37.5px;--awb-margin-bottom-large:0px;--awb-spacing-left-large:37.5px;--awb-width-medium:60%;--awb-spacing-right-medium:37.5px;--awb-spacing-left-medium:37.5px;--awb-width-small:100%;--awb-spacing-right-small:37.5px;--awb-spacing-left-small:37.5px;\"><div class=\"fusion-column-wrapper fusion-flex-justify-content-flex-start fusion-content-layout-column\"><div class=\"fusion-title title fusion-title-1 fusion-sep-none fusion-title-text fusion-title-size-three\" style=\"--awb-text-color:var(--awb-color8);--awb-margin-top-small:10px;--awb-margin-right-small:0px;--awb-margin-bottom-small:10px;--awb-margin-left-small:0px;--awb-font-size:var(--awb-typography3-font-size);\"><h3 class=\"fusion-title-heading title-heading-left fusion-responsive-typography-calculated\" style=\"font-family:var(--awb-typography3-font-family);font-weight:var(--awb-typography3-font-weight);font-style:var(--awb-typography3-font-style);margin:0;letter-spacing:var(--awb-typography3-letter-spacing);text-transform:var(--awb-typography3-text-transform);font-size:1em;--fontSize:40;line-height:var(--awb-typography3-line-height);\">U4 Raum<\/h3><\/div><div class=\"fusion-title title fusion-title-2 fusion-sep-none fusion-title-text fusion-title-size-one\" style=\"--awb-text-color:var(--awb-color8);--awb-margin-top-small:10px;--awb-margin-right-small:0px;--awb-margin-bottom-small:10px;--awb-margin-left-small:0px;--awb-font-size:var(--awb-typography1-font-size);\"><h1 class=\"fusion-title-heading title-heading-left fusion-responsive-typography-calculated\" style=\"font-family:var(--awb-typography1-font-family);font-weight:var(--awb-typography1-font-weight);font-style:var(--awb-typography1-font-style);margin:0;letter-spacing:var(--awb-typography1-letter-spacing);text-transform:var(--awb-typography1-text-transform);font-size:1em;--fontSize:100;line-height:var(--awb-typography1-line-height);\"><h1>Edutainment<\/h1><\/h1><\/div><div class=\"fusion-text fusion-text-1 body-text-force-larger-font\" style=\"--awb-font-size:var(--awb-typography4-font-size);--awb-line-height:var(--awb-typography4-line-height);--awb-letter-spacing:var(--awb-typography4-letter-spacing);--awb-text-transform:var(--awb-typography4-text-transform);--awb-text-color:var(--awb-color8);--awb-text-font-family:var(--awb-typography4-font-family);--awb-text-font-weight:var(--awb-typography4-font-weight);--awb-text-font-style:var(--awb-typography4-font-style);\"><p>Das CeTI-Projekt untersucht den Einsatz immersiver Technologien zur F\u00f6rderung kollaborativen Lernens durch die Integration von AR\/VR und taktilem Feedback, mit dem Schwerpunkt auf der Verbesserung kognitiver F\u00e4higkeiten \u2013 insbesondere bei \u00e4lteren Menschen.<\/p><\/p>\n<\/div><\/div><\/div><\/div><\/div><div class=\"fusion-fullwidth fullwidth-box fusion-builder-row-2 fusion-flex-container has-pattern-background has-mask-background nonhundred-percent-fullwidth non-hundred-percent-height-scrolling containerOverflow\" style=\"--awb-border-radius-top-left:0px;--awb-border-radius-top-right:0px;--awb-border-radius-bottom-right:0px;--awb-border-radius-bottom-left:0px;--awb-background-color:var(--awb-color1);--awb-flex-wrap:wrap;\" ><div class=\"fusion-builder-row fusion-row fusion-flex-align-items-flex-start fusion-flex-justify-content-space-between fusion-flex-content-wrap\" style=\"max-width:calc( 1800px + 75px );margin-left: calc(-75px \/ 2 );margin-right: calc(-75px \/ 2 );\"><div class=\"fusion-layout-column fusion_builder_column fusion-builder-column-2 fusion_builder_column_3_5 3_5 fusion-flex-column\" style=\"--awb-z-index:2;--awb-bg-color:var(--awb-color1);--awb-bg-color-hover:var(--awb-color1);--awb-bg-size:cover;--awb-width-large:60%;--awb-margin-top-large:100px;--awb-spacing-right-large:37.5px;--awb-margin-bottom-large:0px;--awb-spacing-left-large:37.5px;--awb-width-medium:100%;--awb-order-medium:1;--awb-spacing-right-medium:37.5px;--awb-spacing-left-medium:37.5px;--awb-width-small:100%;--awb-order-small:1;--awb-spacing-right-small:37.5px;--awb-spacing-left-small:37.5px;\"><div class=\"fusion-column-wrapper fusion-column-has-shadow fusion-flex-justify-content-flex-start fusion-content-layout-column\"><div class=\"fusion-image-element\" style=\"--awb-margin-bottom:50px;--awb-caption-title-font-family:var(--h2_typography-font-family);--awb-caption-title-font-weight:var(--h2_typography-font-weight);--awb-caption-title-font-style:var(--h2_typography-font-style);--awb-caption-title-size:var(--h2_typography-font-size);--awb-caption-title-transform:var(--h2_typography-text-transform);--awb-caption-title-line-height:var(--h2_typography-line-height);--awb-caption-title-letter-spacing:var(--h2_typography-letter-spacing);\"><span class=\"fusion-imageframe imageframe-none imageframe-2 hover-type-none\"><img decoding=\"async\" width=\"3816\" height=\"1680\" title=\"U3_mitnoten\" src=\"https:\/\/ceti.one\/wp-content\/uploads\/U3_mitnoten.png\" data-orig-src=\"https:\/\/ceti.one\/wp-content\/uploads\/U3_mitnoten.png\" alt class=\"lazyload img-responsive wp-image-18020\" srcset=\"data:image\/svg+xml,%3Csvg%20xmlns%3D%27http%3A%2F%2Fwww.w3.org%2F2000%2Fsvg%27%20width%3D%273816%27%20height%3D%271680%27%20viewBox%3D%270%200%203816%201680%27%3E%3Crect%20width%3D%273816%27%20height%3D%271680%27%20fill-opacity%3D%220%22%2F%3E%3C%2Fsvg%3E\" data-srcset=\"https:\/\/ceti.one\/wp-content\/uploads\/U3_mitnoten-200x88.png 200w, https:\/\/ceti.one\/wp-content\/uploads\/U3_mitnoten-400x176.png 400w, https:\/\/ceti.one\/wp-content\/uploads\/U3_mitnoten-600x264.png 600w, https:\/\/ceti.one\/wp-content\/uploads\/U3_mitnoten-800x352.png 800w, https:\/\/ceti.one\/wp-content\/uploads\/U3_mitnoten-1200x528.png 1200w, https:\/\/ceti.one\/wp-content\/uploads\/U3_mitnoten.png 3816w\" data-sizes=\"auto\" data-orig-sizes=\"(max-width: 1024px) 100vw, (max-width: 640px) 100vw, 1200px\" \/><\/span><\/div><div class=\"fusion-image-element\" style=\"--awb-caption-title-font-family:var(--h2_typography-font-family);--awb-caption-title-font-weight:var(--h2_typography-font-weight);--awb-caption-title-font-style:var(--h2_typography-font-style);--awb-caption-title-size:var(--h2_typography-font-size);--awb-caption-title-transform:var(--h2_typography-text-transform);--awb-caption-title-line-height:var(--h2_typography-line-height);--awb-caption-title-letter-spacing:var(--h2_typography-letter-spacing);\"><span class=\"fusion-imageframe imageframe-none imageframe-3 hover-type-none\"><img decoding=\"async\" width=\"1547\" height=\"1024\" title=\"U4_vision_cooking_cG\" src=\"https:\/\/ceti.one\/wp-content\/uploads\/U4_vision_cooking_cG.png\" data-orig-src=\"https:\/\/ceti.one\/wp-content\/uploads\/U4_vision_cooking_cG.png\" alt class=\"lazyload img-responsive wp-image-18015\" srcset=\"data:image\/svg+xml,%3Csvg%20xmlns%3D%27http%3A%2F%2Fwww.w3.org%2F2000%2Fsvg%27%20width%3D%271547%27%20height%3D%271024%27%20viewBox%3D%270%200%201547%201024%27%3E%3Crect%20width%3D%271547%27%20height%3D%271024%27%20fill-opacity%3D%220%22%2F%3E%3C%2Fsvg%3E\" data-srcset=\"https:\/\/ceti.one\/wp-content\/uploads\/U4_vision_cooking_cG-200x132.png 200w, https:\/\/ceti.one\/wp-content\/uploads\/U4_vision_cooking_cG-400x265.png 400w, https:\/\/ceti.one\/wp-content\/uploads\/U4_vision_cooking_cG-600x397.png 600w, https:\/\/ceti.one\/wp-content\/uploads\/U4_vision_cooking_cG-800x530.png 800w, https:\/\/ceti.one\/wp-content\/uploads\/U4_vision_cooking_cG-1200x794.png 1200w, https:\/\/ceti.one\/wp-content\/uploads\/U4_vision_cooking_cG.png 1547w\" data-sizes=\"auto\" data-orig-sizes=\"(max-width: 1024px) 100vw, (max-width: 640px) 100vw, 1200px\" \/><\/span><\/div><\/div><\/div><div class=\"fusion-layout-column fusion_builder_column fusion-builder-column-3 awb-sticky awb-sticky-small awb-sticky-medium awb-sticky-large fusion_builder_column_2_5 2_5 fusion-flex-column\" style=\"--awb-z-index:-1;--awb-bg-size:cover;--awb-width-large:40%;--awb-margin-top-large:100px;--awb-spacing-right-large:37.5px;--awb-margin-bottom-large:0px;--awb-spacing-left-large:37.5px;--awb-width-medium:100%;--awb-order-medium:0;--awb-spacing-right-medium:37.5px;--awb-spacing-left-medium:37.5px;--awb-width-small:100%;--awb-order-small:0;--awb-spacing-right-small:37.5px;--awb-spacing-left-small:37.5px;--awb-sticky-offset:100px;\"><div class=\"fusion-column-wrapper fusion-column-has-shadow fusion-flex-justify-content-flex-start fusion-content-layout-column\"><div class=\"fusion-title title fusion-title-3 fusion-sep-none fusion-title-text fusion-title-size-two\" style=\"--awb-text-color:var(--awb-color8);--awb-margin-top-small:10px;--awb-margin-right-small:0px;--awb-margin-bottom-small:10px;--awb-margin-left-small:0px;--awb-font-size:55px;\"><h2 class=\"fusion-title-heading title-heading-left fusion-responsive-typography-calculated\" style=\"font-family:var(--awb-typography2-font-family);font-weight:var(--awb-typography2-font-weight);font-style:var(--awb-typography2-font-style);margin:0;letter-spacing:var(--awb-typography2-letter-spacing);text-transform:var(--awb-typography2-text-transform);font-size:1em;--fontSize:55;line-height:var(--awb-typography2-line-height);\">Anwendungsbereiche<\/h2><\/div><div class=\"fusion-title title fusion-title-4 fusion-sep-none fusion-title-text fusion-title-size-three\" style=\"--awb-margin-top-small:10px;--awb-margin-right-small:0px;--awb-margin-bottom-small:10px;--awb-margin-left-small:0px;--awb-font-size:25px;\"><h3 class=\"fusion-title-heading title-heading-left fusion-responsive-typography-calculated\" style=\"font-family:var(--awb-custom_typography_1-font-family);font-weight:var(--awb-custom_typography_1-font-weight);font-style:var(--awb-custom_typography_1-font-style);margin:0;font-size:1em;--fontSize:25;--minFontSize:25;line-height:1.1;\">Immersive p\u00e4dagogische und musikalische Erfahrungen<\/h3><\/div><div class=\"fusion-text fusion-text-2\" style=\"--awb-font-size:var(--awb-typography4-font-size);--awb-line-height:var(--awb-typography4-line-height);--awb-letter-spacing:var(--awb-typography4-letter-spacing);--awb-text-transform:var(--awb-typography4-text-transform);--awb-text-color:var(--awb-color8);--awb-text-font-family:var(--awb-typography4-font-family);--awb-text-font-weight:var(--awb-typography4-font-weight);--awb-text-font-style:var(--awb-typography4-font-style);\"><p>Digitale Umgebungen f\u00fcr das gemeinsame Lernen von Musik mit taktilem Feedback f\u00fcr Menschen mit H\u00f6rbehinderungen.<\/p>\n<\/div><div class=\"fusion-title title fusion-title-5 fusion-sep-none fusion-title-text fusion-title-size-three\" style=\"--awb-margin-top-small:10px;--awb-margin-right-small:0px;--awb-margin-bottom-small:10px;--awb-margin-left-small:0px;--awb-font-size:25px;\"><h3 class=\"fusion-title-heading title-heading-left fusion-responsive-typography-calculated\" style=\"font-family:var(--awb-custom_typography_1-font-family);font-weight:var(--awb-custom_typography_1-font-weight);font-style:var(--awb-custom_typography_1-font-style);margin:0;font-size:1em;--fontSize:25;--minFontSize:25;line-height:1.1;\">Kollaborative Mensch-Maschine-Interaktionen, multisensorische Aufgaben in der K\u00fcche<\/h3><\/div><div class=\"fusion-text fusion-text-3\" style=\"--awb-font-size:var(--awb-typography4-font-size);--awb-line-height:var(--awb-typography4-line-height);--awb-letter-spacing:var(--awb-typography4-letter-spacing);--awb-text-transform:var(--awb-typography4-text-transform);--awb-text-color:var(--awb-color8);--awb-text-font-family:var(--awb-typography4-font-family);--awb-text-font-weight:var(--awb-typography4-font-weight);--awb-text-font-style:var(--awb-typography4-font-style);\"><p>Robotik und virtuelle Assistenten zur Unterst\u00fctzung bei t\u00e4glichen Aufgaben wie dem Kochen.<\/p>\n<\/div><div class=\"fusion-title title fusion-title-6 fusion-sep-none fusion-title-text fusion-title-size-two\" style=\"--awb-text-color:var(--awb-color8);--awb-margin-top-small:10px;--awb-margin-right-small:0px;--awb-margin-bottom-small:10px;--awb-margin-left-small:0px;--awb-font-size:55px;\"><h2 class=\"fusion-title-heading title-heading-left fusion-responsive-typography-calculated\" style=\"font-family:var(--awb-typography2-font-family);font-weight:var(--awb-typography2-font-weight);font-style:var(--awb-typography2-font-style);margin:0;letter-spacing:var(--awb-typography2-letter-spacing);text-transform:var(--awb-typography2-text-transform);font-size:1em;--fontSize:55;line-height:var(--awb-typography2-line-height);\">Erwartete Ergebnisse<\/h2><\/div><div class=\"fusion-text fusion-text-4\" style=\"--awb-font-size:var(--awb-typography4-font-size);--awb-line-height:var(--awb-typography4-line-height);--awb-letter-spacing:var(--awb-typography4-letter-spacing);--awb-text-transform:var(--awb-typography4-text-transform);--awb-text-color:var(--awb-color8);--awb-text-font-family:var(--awb-typography4-font-family);--awb-text-font-weight:var(--awb-typography4-font-weight);--awb-text-font-style:var(--awb-typography4-font-style);\"><ul>\n<li>Entwicklung eines Systems zur Visualisierung von Roboterintentionen sowie zur Simulation von Koch- und Orchestererlebnissen<\/li>\n<li>Personalisierung von KI-Erkl\u00e4rungen und Durchf\u00fchrung einer Pilotstudie zum kollaborativen Musiklernen.<\/li>\n<li>Validierung kollaborativer Lern- und unterst\u00fctzter Kochaktivit\u00e4ten unter Einbeziehung von Bewertungen des Wohlbefindens.<\/li>\n<\/ul>\n<\/div><\/div><\/div><\/div><\/div><\/p>","protected":false},"excerpt":{"rendered":"","protected":false},"author":27,"featured_media":0,"parent":17518,"menu_order":0,"comment_status":"closed","ping_status":"closed","template":"100-width.php","meta":{"_acf_changed":false,"inline_featured_image":false,"footnotes":""},"class_list":["post-17527","page","type-page","status-publish","hentry"],"acf":[],"_links":{"self":[{"href":"https:\/\/ceti.one\/de\/wp-json\/wp\/v2\/pages\/17527","targetHints":{"allow":["GET"]}}],"collection":[{"href":"https:\/\/ceti.one\/de\/wp-json\/wp\/v2\/pages"}],"about":[{"href":"https:\/\/ceti.one\/de\/wp-json\/wp\/v2\/types\/page"}],"author":[{"embeddable":true,"href":"https:\/\/ceti.one\/de\/wp-json\/wp\/v2\/users\/27"}],"replies":[{"embeddable":true,"href":"https:\/\/ceti.one\/de\/wp-json\/wp\/v2\/comments?post=17527"}],"version-history":[{"count":0,"href":"https:\/\/ceti.one\/de\/wp-json\/wp\/v2\/pages\/17527\/revisions"}],"up":[{"embeddable":true,"href":"https:\/\/ceti.one\/de\/wp-json\/wp\/v2\/pages\/17518"}],"wp:attachment":[{"href":"https:\/\/ceti.one\/de\/wp-json\/wp\/v2\/media?parent=17527"}],"curies":[{"name":"wp","href":"https:\/\/api.w.org\/{rel}","templated":true}]}}