{"id":17537,"date":"2025-03-07T14:25:22","date_gmt":"2025-03-07T13:25:22","guid":{"rendered":"https:\/\/ceti.one\/tactile-internet-ceti2\/u1-surgery-copy-copy\/"},"modified":"2025-05-22T17:13:52","modified_gmt":"2025-05-22T15:13:52","slug":"m1-models-of-human-behaviour","status":"publish","type":"page","link":"https:\/\/ceti.one\/de\/tactile-internet-ceti2\/m1-models-of-human-behaviour\/","title":{"rendered":"M1 \u2013 Modelle menschlichen Verhaltens"},"content":{"rendered":"<p><div class=\"fusion-fullwidth fullwidth-box fusion-builder-row-1 fusion-flex-container nonhundred-percent-fullwidth non-hundred-percent-height-scrolling\" style=\"--awb-border-radius-top-left:0px;--awb-border-radius-top-right:0px;--awb-border-radius-bottom-right:0px;--awb-border-radius-bottom-left:0px;--awb-background-image:linear-gradient(90deg, var(--awb-custom_color_4) 0%,var(--awb-color1) 100%);--awb-flex-wrap:wrap;\" ><div class=\"fusion-builder-row fusion-row fusion-flex-align-items-flex-start fusion-flex-content-wrap\" style=\"max-width:calc( 1800px + 75px );margin-left: calc(-75px \/ 2 );margin-right: calc(-75px \/ 2 );\"><div class=\"fusion-layout-column fusion_builder_column fusion-builder-column-0 fusion_builder_column_1_3 1_3 fusion-flex-column body-text-force-white\" style=\"--awb-bg-color:var(--awb-color1);--awb-bg-color-hover:var(--awb-color1);--awb-bg-blend:overlay;--awb-bg-size:cover;--awb-width-large:33.333333333333%;--awb-margin-top-large:0px;--awb-spacing-right-large:37.5px;--awb-margin-bottom-large:0px;--awb-spacing-left-large:37.5px;--awb-width-medium:40%;--awb-spacing-right-medium:20px;--awb-spacing-left-medium:20px;--awb-width-small:100%;--awb-spacing-right-small:37.5px;--awb-spacing-left-small:37.5px;\"><div class=\"fusion-column-wrapper fusion-flex-justify-content-flex-start fusion-content-layout-column\"><div class=\"fusion-image-element\" style=\"--awb-caption-title-font-family:var(--h2_typography-font-family);--awb-caption-title-font-weight:var(--h2_typography-font-weight);--awb-caption-title-font-style:var(--h2_typography-font-style);--awb-caption-title-size:var(--h2_typography-font-size);--awb-caption-title-transform:var(--h2_typography-text-transform);--awb-caption-title-line-height:var(--h2_typography-line-height);--awb-caption-title-letter-spacing:var(--h2_typography-letter-spacing);\"><span class=\"fusion-imageframe imageframe-none imageframe-1 hover-type-none\"><img decoding=\"async\" width=\"1858\" height=\"1858\" title=\"header_image_room_M1\" src=\"https:\/\/ceti.one\/wp-content\/uploads\/header_image_room_M1.png\" data-orig-src=\"https:\/\/ceti.one\/wp-content\/uploads\/header_image_room_M1.png\" alt class=\"lazyload img-responsive wp-image-17587\" srcset=\"data:image\/svg+xml,%3Csvg%20xmlns%3D%27http%3A%2F%2Fwww.w3.org%2F2000%2Fsvg%27%20width%3D%271858%27%20height%3D%271858%27%20viewBox%3D%270%200%201858%201858%27%3E%3Crect%20width%3D%271858%27%20height%3D%271858%27%20fill-opacity%3D%220%22%2F%3E%3C%2Fsvg%3E\" data-srcset=\"https:\/\/ceti.one\/wp-content\/uploads\/header_image_room_M1-200x200.png 200w, https:\/\/ceti.one\/wp-content\/uploads\/header_image_room_M1-400x400.png 400w, https:\/\/ceti.one\/wp-content\/uploads\/header_image_room_M1-600x600.png 600w, https:\/\/ceti.one\/wp-content\/uploads\/header_image_room_M1-800x800.png 800w, https:\/\/ceti.one\/wp-content\/uploads\/header_image_room_M1-1200x1200.png 1200w, https:\/\/ceti.one\/wp-content\/uploads\/header_image_room_M1.png 1858w\" data-sizes=\"auto\" data-orig-sizes=\"(max-width: 1024px) 100vw, (max-width: 640px) 100vw, 800px\" \/><\/span><\/div><\/div><\/div><div class=\"fusion-layout-column fusion_builder_column fusion-builder-column-1 fusion_builder_column_1_2 1_2 fusion-flex-column body-text-force-white\" style=\"--awb-bg-blend:overlay;--awb-bg-size:cover;--awb-width-large:50%;--awb-margin-top-large:0px;--awb-spacing-right-large:37.5px;--awb-margin-bottom-large:0px;--awb-spacing-left-large:37.5px;--awb-width-medium:60%;--awb-spacing-right-medium:37.5px;--awb-spacing-left-medium:37.5px;--awb-width-small:100%;--awb-spacing-right-small:37.5px;--awb-spacing-left-small:37.5px;\"><div class=\"fusion-column-wrapper fusion-flex-justify-content-flex-start fusion-content-layout-column\"><div class=\"fusion-title title fusion-title-1 fusion-sep-none fusion-title-text fusion-title-size-three\" style=\"--awb-text-color:var(--awb-color8);--awb-margin-top-small:10px;--awb-margin-right-small:0px;--awb-margin-bottom-small:10px;--awb-margin-left-small:0px;--awb-font-size:var(--awb-typography3-font-size);\"><h3 class=\"fusion-title-heading title-heading-left fusion-responsive-typography-calculated\" style=\"font-family:var(--awb-typography3-font-family);font-weight:var(--awb-typography3-font-weight);font-style:var(--awb-typography3-font-style);margin:0;letter-spacing:var(--awb-typography3-letter-spacing);text-transform:var(--awb-typography3-text-transform);font-size:1em;--fontSize:40;line-height:var(--awb-typography3-line-height);\">M1 Raum<\/h3><\/div><div class=\"fusion-title title fusion-title-2 fusion-sep-none fusion-title-text fusion-title-size-one\" style=\"--awb-text-color:var(--awb-color8);--awb-margin-top-small:10px;--awb-margin-right-small:0px;--awb-margin-bottom-small:10px;--awb-margin-left-small:0px;--awb-font-size:var(--awb-typography1-font-size);\"><h1 class=\"fusion-title-heading title-heading-left fusion-responsive-typography-calculated\" style=\"font-family:var(--awb-typography1-font-family);font-weight:var(--awb-typography1-font-weight);font-style:var(--awb-typography1-font-style);margin:0;letter-spacing:var(--awb-typography1-letter-spacing);text-transform:var(--awb-typography1-text-transform);font-size:1em;--fontSize:100;line-height:var(--awb-typography1-line-height);\"><h1>Modelle menschlichen Verhaltens<\/h1><\/h1><\/div><div class=\"fusion-text fusion-text-1 body-text-force-larger-font\" style=\"--awb-font-size:var(--awb-typography4-font-size);--awb-line-height:var(--awb-typography4-line-height);--awb-letter-spacing:var(--awb-typography4-letter-spacing);--awb-text-transform:var(--awb-typography4-text-transform);--awb-text-color:var(--awb-color8);--awb-text-font-family:var(--awb-typography4-font-family);--awb-text-font-weight:var(--awb-typography4-font-weight);--awb-text-font-style:var(--awb-typography4-font-style);\"><p>M1 entwickelt formale und rechnerische Modelle f\u00fcr die Vorhersage komplexer zielgerichteter Handlungen und die Zusammenarbeit mehrerer Agenten \u00fcber Zeitskalen hinweg, um die Human-in-the-Loop-Berechnungen f\u00fcr digitale Technologien voranzutreiben.<\/p><\/p>\n<\/div><\/div><\/div><\/div><\/div><div class=\"fusion-fullwidth fullwidth-box fusion-builder-row-2 fusion-flex-container has-pattern-background has-mask-background nonhundred-percent-fullwidth non-hundred-percent-height-scrolling containerOverflow\" style=\"--awb-border-radius-top-left:0px;--awb-border-radius-top-right:0px;--awb-border-radius-bottom-right:0px;--awb-border-radius-bottom-left:0px;--awb-background-color:var(--awb-color1);--awb-flex-wrap:wrap;\" ><div class=\"fusion-builder-row fusion-row fusion-flex-align-items-flex-start fusion-flex-justify-content-space-between fusion-flex-content-wrap\" style=\"max-width:calc( 1800px + 75px );margin-left: calc(-75px \/ 2 );margin-right: calc(-75px \/ 2 );\"><div class=\"fusion-layout-column fusion_builder_column fusion-builder-column-2 fusion_builder_column_3_5 3_5 fusion-flex-column\" style=\"--awb-z-index:2;--awb-bg-color:var(--awb-color1);--awb-bg-color-hover:var(--awb-color1);--awb-bg-size:cover;--awb-width-large:60%;--awb-margin-top-large:100px;--awb-spacing-right-large:37.5px;--awb-margin-bottom-large:0px;--awb-spacing-left-large:37.5px;--awb-width-medium:100%;--awb-order-medium:1;--awb-spacing-right-medium:37.5px;--awb-spacing-left-medium:37.5px;--awb-width-small:100%;--awb-order-small:1;--awb-spacing-right-small:37.5px;--awb-spacing-left-small:37.5px;\"><div class=\"fusion-column-wrapper fusion-column-has-shadow fusion-flex-justify-content-flex-start fusion-content-layout-column\"><div class=\"fusion-title title fusion-title-3 fusion-sep-none fusion-title-text fusion-title-size-two\" style=\"--awb-text-color:var(--awb-color8);--awb-margin-bottom:25px;--awb-margin-top-small:10px;--awb-margin-right-small:0px;--awb-margin-bottom-small:10px;--awb-margin-left-small:0px;--awb-font-size:var(--awb-typography2-font-size);\"><h2 class=\"fusion-title-heading title-heading-left fusion-responsive-typography-calculated\" style=\"font-family:var(--awb-typography2-font-family);font-weight:var(--awb-typography2-font-weight);font-style:var(--awb-typography2-font-style);margin:0;letter-spacing:var(--awb-typography2-letter-spacing);text-transform:var(--awb-typography2-text-transform);font-size:1em;--fontSize:55;line-height:var(--awb-typography2-line-height);\">Schl\u00fcsselfragen<\/h2><\/div><div class=\"accordian fusion-accordian\" style=\"--awb-padding-bottom:5px;--awb-border-size:3px;--awb-icon-size:23px;--awb-content-font-size:var(--awb-typography4-font-size);--awb-content-text-transform:none;--awb-icon-alignment:left;--awb-hover-color:var(--awb-color1);--awb-border-color:var(--awb-color7);--awb-background-color:var(--awb-color1);--awb-divider-color:var(--awb-color3);--awb-divider-hover-color:var(--awb-color3);--awb-icon-color:var(--awb-color7);--awb-title-color:var(--awb-color7);--awb-content-color:var(--awb-color8);--awb-icon-box-color:var(--awb-color1);--awb-toggle-hover-accent-color:var(--awb-color8);--awb-toggle-active-accent-color:var(--awb-color8);--awb-title-font-family:var(--awb-custom_typography_1-font-family);--awb-title-font-weight:var(--awb-custom_typography_1-font-weight);--awb-title-font-style:var(--awb-custom_typography_1-font-style);--awb-title-font-size:var(--awb-custom_typography_1-font-size);--awb-title-letter-spacing:var(--awb-custom_typography_1-letter-spacing);--awb-title-line-height:var(--awb-custom_typography_1-line-height);--awb-title-text-transform:var(--awb-custom_typography_1-text-transform);--awb-content-font-family:var(--awb-typography4-font-family);--awb-content-font-weight:var(--awb-typography4-font-weight);--awb-content-font-style:var(--awb-typography4-font-style);\"><div class=\"panel-group fusion-toggle-icon-unboxed\" id=\"accordion-17537-1\"><div class=\"fusion-panel panel-default panel-fd09a1fee7bfc3f88 fusion-toggle-no-divider fusion-toggle-boxed-mode\" style=\"--awb-content-font-size:var(--awb-typography4-font-size);--awb-content-letter-spacing:var(--awb-typography4-letter-spacing);--awb-content-text-transform:var(--awb-typography4-text-transform);--awb-content-line-height:var(--awb-typography4-line-height);--awb-content-font-family:var(--awb-typography4-font-family);--awb-content-font-weight:var(--awb-typography4-font-weight);--awb-content-font-style:var(--awb-typography4-font-style);\"><div class=\"panel-heading\"><h4 class=\"panel-title toggle\" id=\"toggle_fd09a1fee7bfc3f88\"><a aria-expanded=\"false\" aria-controls=\"fd09a1fee7bfc3f88\" role=\"button\" data-toggle=\"collapse\" data-parent=\"#accordion-17537-1\" data-target=\"#fd09a1fee7bfc3f88\" href=\"#fd09a1fee7bfc3f88\"><span class=\"fusion-toggle-icon-wrapper\" aria-hidden=\"true\"><i class=\"fa-fusion-box active-icon icon-customarrow-down-right\" aria-hidden=\"true\"><\/i><i class=\"fa-fusion-box inactive-icon icon-customarrow-right\" aria-hidden=\"true\"><\/i><\/span><span class=\"fusion-toggle-heading\">Wie k\u00f6nnen wir menschliches Verhalten modellieren, um komplexe Handlungen auf verschiedenen Zeitskalen vorherzusagen?<\/span><\/a><\/h4><\/div><div id=\"fd09a1fee7bfc3f88\" class=\"panel-collapse collapse\" aria-labelledby=\"toggle_fd09a1fee7bfc3f88\"><div class=\"panel-body toggle-content fusion-clearfix\">Wir werden Modelle erweitern, um kontinuierliche Bewegungen mit diskreten Entscheidungen zu verkn\u00fcpfen.<\/div><\/div><\/div><div class=\"fusion-panel panel-default panel-43c995a460992c250 fusion-toggle-no-divider fusion-toggle-boxed-mode\" style=\"--awb-content-font-size:var(--awb-typography4-font-size);--awb-content-letter-spacing:var(--awb-typography4-letter-spacing);--awb-content-text-transform:var(--awb-typography4-text-transform);--awb-content-line-height:var(--awb-typography4-line-height);--awb-content-font-family:var(--awb-typography4-font-family);--awb-content-font-weight:var(--awb-typography4-font-weight);--awb-content-font-style:var(--awb-typography4-font-style);\"><div class=\"panel-heading\"><h4 class=\"panel-title toggle\" id=\"toggle_43c995a460992c250\"><a aria-expanded=\"false\" aria-controls=\"43c995a460992c250\" role=\"button\" data-toggle=\"collapse\" data-parent=\"#accordion-17537-1\" data-target=\"#43c995a460992c250\" href=\"#43c995a460992c250\"><span class=\"fusion-toggle-icon-wrapper\" aria-hidden=\"true\"><i class=\"fa-fusion-box active-icon icon-customarrow-down-right\" aria-hidden=\"true\"><\/i><i class=\"fa-fusion-box inactive-icon icon-customarrow-right\" aria-hidden=\"true\"><\/i><\/span><span class=\"fusion-toggle-heading\">Wie k\u00f6nnen wir individuelle Verhaltensmodelle auf kollaborative Handlungen ausweiten?<\/span><\/a><\/h4><\/div><div id=\"43c995a460992c250\" class=\"panel-collapse collapse\" aria-labelledby=\"toggle_43c995a460992c250\"><div class=\"panel-body toggle-content fusion-clearfix\">Wir werden kollaborative Modelle entwickeln, indem wir POMDPs so erweitern, dass sie mehrere Agenten umfassen.<\/div><\/div><\/div><div class=\"fusion-panel panel-default panel-1e692b15996912a72 fusion-toggle-no-divider fusion-toggle-boxed-mode\" style=\"--awb-content-font-size:var(--awb-typography4-font-size);--awb-content-letter-spacing:var(--awb-typography4-letter-spacing);--awb-content-text-transform:var(--awb-typography4-text-transform);--awb-content-line-height:var(--awb-typography4-line-height);--awb-content-font-family:var(--awb-typography4-font-family);--awb-content-font-weight:var(--awb-typography4-font-weight);--awb-content-font-style:var(--awb-typography4-font-style);\"><div class=\"panel-heading\"><h4 class=\"panel-title toggle\" id=\"toggle_1e692b15996912a72\"><a aria-expanded=\"false\" aria-controls=\"1e692b15996912a72\" role=\"button\" data-toggle=\"collapse\" data-parent=\"#accordion-17537-1\" data-target=\"#1e692b15996912a72\" href=\"#1e692b15996912a72\"><span class=\"fusion-toggle-icon-wrapper\" aria-hidden=\"true\"><i class=\"fa-fusion-box active-icon icon-customarrow-down-right\" aria-hidden=\"true\"><\/i><i class=\"fa-fusion-box inactive-icon icon-customarrow-right\" aria-hidden=\"true\"><\/i><\/span><span class=\"fusion-toggle-heading\">What computational processes capture skilled performance?<\/span><\/a><\/h4><\/div><div id=\"1e692b15996912a72\" class=\"panel-collapse collapse\" aria-labelledby=\"toggle_1e692b15996912a72\"><div class=\"panel-body toggle-content fusion-clearfix\">\n<div id=\"a54dc53e8ac61a3b6\" class=\"panel-collapse collapse in\" aria-labelledby=\"toggle_a54dc53e8ac61a3b6\">Wir werden kontextuelles Verst\u00e4rkungslernen verwenden, um den Erwerb komplexer Verhaltensweisen zu modellieren.<\/div>\n<\/div><\/div><\/div><\/div><\/div><\/div><\/div><div class=\"fusion-layout-column fusion_builder_column fusion-builder-column-3 fusion_builder_column_2_5 2_5 fusion-flex-column\" style=\"--awb-z-index:-1;--awb-bg-size:cover;--awb-width-large:40%;--awb-margin-top-large:100px;--awb-spacing-right-large:37.5px;--awb-margin-bottom-large:0px;--awb-spacing-left-large:37.5px;--awb-width-medium:100%;--awb-order-medium:0;--awb-spacing-right-medium:37.5px;--awb-spacing-left-medium:37.5px;--awb-width-small:100%;--awb-order-small:0;--awb-spacing-right-small:37.5px;--awb-spacing-left-small:37.5px;\"><div class=\"fusion-column-wrapper fusion-column-has-shadow fusion-flex-justify-content-flex-start fusion-content-layout-column\"><div class=\"fusion-title title fusion-title-4 fusion-sep-none fusion-title-text fusion-title-size-two\" style=\"--awb-text-color:var(--awb-color8);--awb-margin-top-small:10px;--awb-margin-right-small:0px;--awb-margin-bottom-small:10px;--awb-margin-left-small:0px;--awb-font-size:var(--awb-typography2-font-size);\"><h2 class=\"fusion-title-heading title-heading-left fusion-responsive-typography-calculated\" style=\"font-family:var(--awb-typography2-font-family);font-weight:var(--awb-typography2-font-weight);font-style:var(--awb-typography2-font-style);margin:0;letter-spacing:var(--awb-typography2-letter-spacing);text-transform:var(--awb-typography2-text-transform);font-size:1em;--fontSize:55;line-height:var(--awb-typography2-line-height);\">Ansatz<\/h2><\/div><div class=\"fusion-text fusion-text-2 fusion-text-no-margin\" style=\"--awb-font-size:var(--awb-typography4-font-size);--awb-line-height:var(--awb-typography4-line-height);--awb-letter-spacing:var(--awb-typography4-letter-spacing);--awb-text-transform:var(--awb-typography4-text-transform);--awb-text-color:var(--awb-color8);--awb-margin-bottom:50px;--awb-text-font-family:var(--awb-typography4-font-family);--awb-text-font-weight:var(--awb-typography4-font-weight);--awb-text-font-style:var(--awb-typography4-font-style);\"><ul>\n<li>Sensomotorische Sequenzen: Erweiterung aktueller Modelle auf Bewegungen mit mehreren Gelenken, validiert mit Motion-Capture- und Gehirnbilddaten.<\/li>\n<li>Kollaborative Handlungen: Erweiterung von POMDPs zur Darstellung von Zustands\u00fcberg\u00e4ngen bei gemeinsamen Aktionen, in Zusammenarbeit mit F1, M2 und U1.<\/li>\n<li>Lernen von Fertigkeiten: Erkennung von Fehlern und Bereitstellung von Echtzeit-Feedback w\u00e4hrend des Erwerbs von F\u00e4higkeiten, getestet in der Chirurgie (U1).<\/li>\n<\/ul>\n<\/div><div class=\"fusion-title title fusion-title-5 fusion-sep-none fusion-title-text fusion-title-size-two\" style=\"--awb-text-color:var(--awb-color8);--awb-margin-top-small:10px;--awb-margin-right-small:0px;--awb-margin-bottom-small:10px;--awb-margin-left-small:0px;--awb-font-size:var(--awb-typography2-font-size);\"><h2 class=\"fusion-title-heading title-heading-left fusion-responsive-typography-calculated\" style=\"font-family:var(--awb-typography2-font-family);font-weight:var(--awb-typography2-font-weight);font-style:var(--awb-typography2-font-style);margin:0;letter-spacing:var(--awb-typography2-letter-spacing);text-transform:var(--awb-typography2-text-transform);font-size:1em;--fontSize:55;line-height:var(--awb-typography2-line-height);\">Erwartete Ergebnisse<\/h2><\/div><div class=\"fusion-text fusion-text-3\" style=\"--awb-font-size:var(--awb-typography4-font-size);--awb-line-height:var(--awb-typography4-line-height);--awb-letter-spacing:var(--awb-typography4-letter-spacing);--awb-text-transform:var(--awb-typography4-text-transform);--awb-text-color:var(--awb-color8);--awb-text-font-family:var(--awb-typography4-font-family);--awb-text-font-weight:var(--awb-typography4-font-weight);--awb-text-font-style:var(--awb-typography4-font-style);\"><ul>\n<li>Vollst\u00e4ndige Spezifikation von hierarchischen Modellen und kollaborativen Handlungsmodellen.<\/li>\n<li>Integration von kontextueller Inferenz zur Simulation von Expertenleistung.<\/li>\n<\/ul>\n<\/div><\/div><\/div><\/div><\/div><\/p>","protected":false},"excerpt":{"rendered":"","protected":false},"author":27,"featured_media":0,"parent":17518,"menu_order":0,"comment_status":"closed","ping_status":"closed","template":"100-width.php","meta":{"inline_featured_image":false,"footnotes":""},"class_list":["post-17537","page","type-page","status-publish","hentry"],"_links":{"self":[{"href":"https:\/\/ceti.one\/de\/wp-json\/wp\/v2\/pages\/17537","targetHints":{"allow":["GET"]}}],"collection":[{"href":"https:\/\/ceti.one\/de\/wp-json\/wp\/v2\/pages"}],"about":[{"href":"https:\/\/ceti.one\/de\/wp-json\/wp\/v2\/types\/page"}],"author":[{"embeddable":true,"href":"https:\/\/ceti.one\/de\/wp-json\/wp\/v2\/users\/27"}],"replies":[{"embeddable":true,"href":"https:\/\/ceti.one\/de\/wp-json\/wp\/v2\/comments?post=17537"}],"version-history":[{"count":0,"href":"https:\/\/ceti.one\/de\/wp-json\/wp\/v2\/pages\/17537\/revisions"}],"up":[{"embeddable":true,"href":"https:\/\/ceti.one\/de\/wp-json\/wp\/v2\/pages\/17518"}],"wp:attachment":[{"href":"https:\/\/ceti.one\/de\/wp-json\/wp\/v2\/media?parent=17537"}],"curies":[{"name":"wp","href":"https:\/\/api.w.org\/{rel}","templated":true}]}}