{"id":17553,"date":"2025-03-07T14:29:02","date_gmt":"2025-03-07T13:29:02","guid":{"rendered":"https:\/\/ceti.one\/tactile-internet-ceti2\/f1-human-sensory-perception-and-action-copy-copy-copy\/"},"modified":"2026-02-03T11:37:22","modified_gmt":"2026-02-03T10:37:22","slug":"f4-computing","status":"publish","type":"page","link":"https:\/\/ceti.one\/de\/tactile-internet-ceti2\/f4-computing\/","title":{"rendered":"F4 \u2013 Datenverarbeitung"},"content":{"rendered":"<p><div class=\"fusion-fullwidth fullwidth-box fusion-builder-row-1 fusion-flex-container nonhundred-percent-fullwidth non-hundred-percent-height-scrolling\" style=\"--awb-border-radius-top-left:0px;--awb-border-radius-top-right:0px;--awb-border-radius-bottom-right:0px;--awb-border-radius-bottom-left:0px;--awb-background-image:linear-gradient(90deg, var(--awb-custom_color_1) 0%,var(--awb-color1) 100%);--awb-flex-wrap:wrap;\" ><div class=\"fusion-builder-row fusion-row fusion-flex-align-items-flex-start fusion-flex-content-wrap\" style=\"max-width:calc( 1800px + 75px );margin-left: calc(-75px \/ 2 );margin-right: calc(-75px \/ 2 );\"><div class=\"fusion-layout-column fusion_builder_column fusion-builder-column-0 fusion_builder_column_1_3 1_3 fusion-flex-column body-text-force-white\" style=\"--awb-bg-color:var(--awb-color1);--awb-bg-color-hover:var(--awb-color1);--awb-bg-blend:overlay;--awb-bg-size:cover;--awb-width-large:33.333333333333%;--awb-margin-top-large:0px;--awb-spacing-right-large:37.5px;--awb-margin-bottom-large:0px;--awb-spacing-left-large:37.5px;--awb-width-medium:40%;--awb-spacing-right-medium:20px;--awb-spacing-left-medium:20px;--awb-width-small:100%;--awb-spacing-right-small:37.5px;--awb-spacing-left-small:37.5px;\"><div class=\"fusion-column-wrapper fusion-flex-justify-content-flex-start fusion-content-layout-column\"><div class=\"fusion-image-element\" style=\"--awb-caption-title-font-family:var(--h2_typography-font-family);--awb-caption-title-font-weight:var(--h2_typography-font-weight);--awb-caption-title-font-style:var(--h2_typography-font-style);--awb-caption-title-size:var(--h2_typography-font-size);--awb-caption-title-transform:var(--h2_typography-text-transform);--awb-caption-title-line-height:var(--h2_typography-line-height);--awb-caption-title-letter-spacing:var(--h2_typography-letter-spacing);\"><span class=\"fusion-imageframe imageframe-none imageframe-1 hover-type-none\"><img decoding=\"async\" width=\"1858\" height=\"1858\" title=\"header_image_room_F4\" src=\"https:\/\/ceti.one\/wp-content\/uploads\/header_image_room_F4.png\" data-orig-src=\"https:\/\/ceti.one\/wp-content\/uploads\/header_image_room_F4.png\" alt class=\"lazyload img-responsive wp-image-17585\" srcset=\"data:image\/svg+xml,%3Csvg%20xmlns%3D%27http%3A%2F%2Fwww.w3.org%2F2000%2Fsvg%27%20width%3D%271858%27%20height%3D%271858%27%20viewBox%3D%270%200%201858%201858%27%3E%3Crect%20width%3D%271858%27%20height%3D%271858%27%20fill-opacity%3D%220%22%2F%3E%3C%2Fsvg%3E\" data-srcset=\"https:\/\/ceti.one\/wp-content\/uploads\/header_image_room_F4-200x200.png 200w, https:\/\/ceti.one\/wp-content\/uploads\/header_image_room_F4-400x400.png 400w, https:\/\/ceti.one\/wp-content\/uploads\/header_image_room_F4-600x600.png 600w, https:\/\/ceti.one\/wp-content\/uploads\/header_image_room_F4-800x800.png 800w, https:\/\/ceti.one\/wp-content\/uploads\/header_image_room_F4-1200x1200.png 1200w, https:\/\/ceti.one\/wp-content\/uploads\/header_image_room_F4.png 1858w\" data-sizes=\"auto\" data-orig-sizes=\"(max-width: 1024px) 100vw, (max-width: 640px) 100vw, 800px\" \/><\/span><\/div><\/div><\/div><div class=\"fusion-layout-column fusion_builder_column fusion-builder-column-1 fusion_builder_column_1_2 1_2 fusion-flex-column body-text-force-white\" style=\"--awb-bg-blend:overlay;--awb-bg-size:cover;--awb-width-large:50%;--awb-margin-top-large:0px;--awb-spacing-right-large:37.5px;--awb-margin-bottom-large:0px;--awb-spacing-left-large:37.5px;--awb-width-medium:60%;--awb-spacing-right-medium:37.5px;--awb-spacing-left-medium:37.5px;--awb-width-small:100%;--awb-spacing-right-small:37.5px;--awb-spacing-left-small:37.5px;\"><div class=\"fusion-column-wrapper fusion-flex-justify-content-flex-start fusion-content-layout-column\"><div class=\"fusion-title title fusion-title-1 fusion-sep-none fusion-title-text fusion-title-size-three\" style=\"--awb-text-color:var(--awb-color8);--awb-margin-top-small:10px;--awb-margin-right-small:0px;--awb-margin-bottom-small:10px;--awb-margin-left-small:0px;--awb-font-size:var(--awb-typography3-font-size);\"><h3 class=\"fusion-title-heading title-heading-left fusion-responsive-typography-calculated\" style=\"font-family:var(--awb-typography3-font-family);font-weight:var(--awb-typography3-font-weight);font-style:var(--awb-typography3-font-style);margin:0;letter-spacing:var(--awb-typography3-letter-spacing);text-transform:var(--awb-typography3-text-transform);font-size:1em;--fontSize:40;line-height:var(--awb-typography3-line-height);\">F4 Raum<\/h3><\/div><div class=\"fusion-title title fusion-title-2 fusion-sep-none fusion-title-text fusion-title-size-one\" style=\"--awb-text-color:var(--awb-color8);--awb-margin-top-small:10px;--awb-margin-right-small:0px;--awb-margin-bottom-small:10px;--awb-margin-left-small:0px;--awb-font-size:var(--awb-typography1-font-size);\"><h1 class=\"fusion-title-heading title-heading-left fusion-responsive-typography-calculated\" style=\"font-family:var(--awb-typography1-font-family);font-weight:var(--awb-typography1-font-weight);font-style:var(--awb-typography1-font-style);margin:0;letter-spacing:var(--awb-typography1-letter-spacing);text-transform:var(--awb-typography1-text-transform);font-size:1em;--fontSize:100;line-height:var(--awb-typography1-line-height);\"><h1>Datenverarbeitung<\/h1><\/h1><\/div><div class=\"fusion-text fusion-text-1 body-text-force-larger-font\" style=\"--awb-font-size:var(--awb-typography4-font-size);--awb-line-height:var(--awb-typography4-line-height);--awb-letter-spacing:var(--awb-typography4-letter-spacing);--awb-text-transform:var(--awb-typography4-text-transform);--awb-text-color:var(--awb-color8);--awb-text-font-family:var(--awb-typography4-font-family);--awb-text-font-weight:var(--awb-typography4-font-weight);--awb-text-font-style:var(--awb-typography4-font-style);\"><p>F4 befasst sich mit den grundlegenden Grenzen von Landauer und Turing. Es erforscht neuartige Computerplattformen und -modelle, um die Probleme des Energieverbrauchs und der Berechnungsf\u00e4higkeit digitaler Systeme zu l\u00f6sen.<\/p>\n<\/div><\/div><\/div><\/div><\/div><div class=\"fusion-fullwidth fullwidth-box fusion-builder-row-2 fusion-flex-container has-pattern-background has-mask-background nonhundred-percent-fullwidth non-hundred-percent-height-scrolling containerOverflow\" style=\"--awb-border-radius-top-left:0px;--awb-border-radius-top-right:0px;--awb-border-radius-bottom-right:0px;--awb-border-radius-bottom-left:0px;--awb-background-color:var(--awb-color1);--awb-flex-wrap:wrap;\" ><div class=\"fusion-builder-row fusion-row fusion-flex-align-items-flex-start fusion-flex-justify-content-space-between fusion-flex-content-wrap\" style=\"max-width:calc( 1800px + 75px );margin-left: calc(-75px \/ 2 );margin-right: calc(-75px \/ 2 );\"><div class=\"fusion-layout-column fusion_builder_column fusion-builder-column-2 fusion_builder_column_3_5 3_5 fusion-flex-column\" style=\"--awb-z-index:2;--awb-bg-color:var(--awb-color1);--awb-bg-color-hover:var(--awb-color1);--awb-bg-size:cover;--awb-width-large:60%;--awb-margin-top-large:100px;--awb-spacing-right-large:37.5px;--awb-margin-bottom-large:0px;--awb-spacing-left-large:37.5px;--awb-width-medium:100%;--awb-order-medium:1;--awb-spacing-right-medium:37.5px;--awb-spacing-left-medium:37.5px;--awb-width-small:100%;--awb-order-small:1;--awb-spacing-right-small:37.5px;--awb-spacing-left-small:37.5px;\"><div class=\"fusion-column-wrapper fusion-column-has-shadow fusion-flex-justify-content-flex-start fusion-content-layout-column\"><div class=\"fusion-title title fusion-title-3 fusion-sep-none fusion-title-text fusion-title-size-two\" style=\"--awb-text-color:var(--awb-color8);--awb-margin-bottom:25px;--awb-margin-top-small:10px;--awb-margin-right-small:0px;--awb-margin-bottom-small:10px;--awb-margin-left-small:0px;--awb-font-size:var(--awb-typography2-font-size);\"><h2 class=\"fusion-title-heading title-heading-left fusion-responsive-typography-calculated\" style=\"font-family:var(--awb-typography2-font-family);font-weight:var(--awb-typography2-font-weight);font-style:var(--awb-typography2-font-style);margin:0;letter-spacing:var(--awb-typography2-letter-spacing);text-transform:var(--awb-typography2-text-transform);font-size:1em;--fontSize:55;line-height:var(--awb-typography2-line-height);\">Schl\u00fcsselfragen<\/h2><\/div><div class=\"accordian fusion-accordian\" style=\"--awb-padding-bottom:5px;--awb-border-size:3px;--awb-icon-size:23px;--awb-content-font-size:var(--awb-typography4-font-size);--awb-content-text-transform:none;--awb-icon-alignment:left;--awb-hover-color:var(--awb-color1);--awb-border-color:var(--awb-color7);--awb-background-color:var(--awb-color1);--awb-divider-color:var(--awb-color3);--awb-divider-hover-color:var(--awb-color3);--awb-icon-color:var(--awb-color7);--awb-title-color:var(--awb-color7);--awb-content-color:var(--awb-color8);--awb-icon-box-color:var(--awb-color1);--awb-toggle-hover-accent-color:var(--awb-color8);--awb-toggle-active-accent-color:var(--awb-color8);--awb-title-font-family:var(--awb-custom_typography_1-font-family);--awb-title-font-weight:var(--awb-custom_typography_1-font-weight);--awb-title-font-style:var(--awb-custom_typography_1-font-style);--awb-title-font-size:var(--awb-custom_typography_1-font-size);--awb-title-letter-spacing:var(--awb-custom_typography_1-letter-spacing);--awb-title-line-height:var(--awb-custom_typography_1-line-height);--awb-title-text-transform:var(--awb-custom_typography_1-text-transform);--awb-content-font-family:var(--awb-typography4-font-family);--awb-content-font-weight:var(--awb-typography4-font-weight);--awb-content-font-style:var(--awb-typography4-font-style);\"><div class=\"panel-group fusion-toggle-icon-unboxed\" id=\"accordion-17553-1\"><div class=\"fusion-panel panel-default panel-505d4320aa74bd9d8 fusion-toggle-no-divider fusion-toggle-boxed-mode\" style=\"--awb-content-font-size:var(--awb-typography4-font-size);--awb-content-letter-spacing:var(--awb-typography4-letter-spacing);--awb-content-text-transform:var(--awb-typography4-text-transform);--awb-content-line-height:var(--awb-typography4-line-height);--awb-content-font-family:var(--awb-typography4-font-family);--awb-content-font-weight:var(--awb-typography4-font-weight);--awb-content-font-style:var(--awb-typography4-font-style);\"><div class=\"panel-heading\"><h4 class=\"panel-title toggle\" id=\"toggle_505d4320aa74bd9d8\"><a aria-expanded=\"false\" aria-controls=\"505d4320aa74bd9d8\" role=\"button\" data-toggle=\"collapse\" data-parent=\"#accordion-17553-1\" data-target=\"#505d4320aa74bd9d8\" href=\"#505d4320aa74bd9d8\"><span class=\"fusion-toggle-icon-wrapper\" aria-hidden=\"true\"><i class=\"fa-fusion-box active-icon icon-customarrow-down-right\" aria-hidden=\"true\"><\/i><i class=\"fa-fusion-box inactive-icon icon-customarrow-right\" aria-hidden=\"true\"><\/i><\/span><span class=\"fusion-toggle-heading\">Welche Computermodelle und -plattformen werden ben\u00f6tigt, um den Energieverbrauch und die Latenzzeit in TaHiL+ drastisch zu reduzieren? <\/span><\/a><\/h4><\/div><div id=\"505d4320aa74bd9d8\" class=\"panel-collapse collapse\" aria-labelledby=\"toggle_505d4320aa74bd9d8\"><div class=\"panel-body toggle-content fusion-clearfix\">Neuromorphe Modelle, biologische Plattformen und spezielle Hardware wie SpiNNaker2 und FPGA werden ben\u00f6tigt, um den Energieverbrauch und die Latenzzeit zu verringern.<\/div><\/div><\/div><div class=\"fusion-panel panel-default panel-eea93d436e10d800b fusion-toggle-no-divider fusion-toggle-boxed-mode\" style=\"--awb-content-font-size:var(--awb-typography4-font-size);--awb-content-letter-spacing:var(--awb-typography4-letter-spacing);--awb-content-text-transform:var(--awb-typography4-text-transform);--awb-content-line-height:var(--awb-typography4-line-height);--awb-content-font-family:var(--awb-typography4-font-family);--awb-content-font-weight:var(--awb-typography4-font-weight);--awb-content-font-style:var(--awb-typography4-font-style);\"><div class=\"panel-heading\"><h4 class=\"panel-title toggle\" id=\"toggle_eea93d436e10d800b\"><a aria-expanded=\"false\" aria-controls=\"eea93d436e10d800b\" role=\"button\" data-toggle=\"collapse\" data-parent=\"#accordion-17553-1\" data-target=\"#eea93d436e10d800b\" href=\"#eea93d436e10d800b\"><span class=\"fusion-toggle-icon-wrapper\" aria-hidden=\"true\"><i class=\"fa-fusion-box active-icon icon-customarrow-down-right\" aria-hidden=\"true\"><\/i><i class=\"fa-fusion-box inactive-icon icon-customarrow-right\" aria-hidden=\"true\"><\/i><\/span><span class=\"fusion-toggle-heading\">Reichen digitale Computer aus, um das TaHiL+-Metaversum zuverl\u00e4ssig darzustellen? <\/span><\/a><\/h4><\/div><div id=\"eea93d436e10d800b\" class=\"panel-collapse collapse\" aria-labelledby=\"toggle_eea93d436e10d800b\"><div class=\"panel-body toggle-content fusion-clearfix\">Nein, es werden alternative Modelle wie BSS-Maschinen ben\u00f6tigt, die nativ mit realen Zahlen umgehen k\u00f6nnen und das Vertrauen in das Metaversum gew\u00e4hrleisten.<\/div><\/div><\/div><div class=\"fusion-panel panel-default panel-5de212391b996b711 fusion-toggle-no-divider fusion-toggle-boxed-mode\" style=\"--awb-content-font-size:var(--awb-typography4-font-size);--awb-content-letter-spacing:var(--awb-typography4-letter-spacing);--awb-content-text-transform:var(--awb-typography4-text-transform);--awb-content-line-height:var(--awb-typography4-line-height);--awb-content-font-family:var(--awb-typography4-font-family);--awb-content-font-weight:var(--awb-typography4-font-weight);--awb-content-font-style:var(--awb-typography4-font-style);\"><div class=\"panel-heading\"><h4 class=\"panel-title toggle\" id=\"toggle_5de212391b996b711\"><a aria-expanded=\"false\" aria-controls=\"5de212391b996b711\" role=\"button\" data-toggle=\"collapse\" data-parent=\"#accordion-17553-1\" data-target=\"#5de212391b996b711\" href=\"#5de212391b996b711\"><span class=\"fusion-toggle-icon-wrapper\" aria-hidden=\"true\"><i class=\"fa-fusion-box active-icon icon-customarrow-down-right\" aria-hidden=\"true\"><\/i><i class=\"fa-fusion-box inactive-icon icon-customarrow-right\" aria-hidden=\"true\"><\/i><\/span><span class=\"fusion-toggle-heading\">Wie k\u00f6nnen wir schnell Prototypen neuer Computerplattformen entwickeln und die L\u00fccke beim Energieverbrauch schlie\u00dfen? <\/span><\/a><\/h4><\/div><div id=\"5de212391b996b711\" class=\"panel-collapse collapse\" aria-labelledby=\"toggle_5de212391b996b711\"><div class=\"panel-body toggle-content fusion-clearfix\">\n<div id=\"a54dc53e8ac61a3b6\" class=\"panel-collapse collapse in\" aria-labelledby=\"toggle_a54dc53e8ac61a3b6\">Vorhandene Technologien wie SpiNNaker2 und FPGA werden zusammen mit automatischen Design-Explorationswerkzeugen f\u00fcr ein schnelles Prototyping eingesetzt.<\/div>\n<\/div><\/div><\/div><\/div><\/div><\/div><\/div><div class=\"fusion-layout-column fusion_builder_column fusion-builder-column-3 fusion_builder_column_2_5 2_5 fusion-flex-column\" style=\"--awb-z-index:-1;--awb-bg-size:cover;--awb-width-large:40%;--awb-margin-top-large:100px;--awb-spacing-right-large:37.5px;--awb-margin-bottom-large:0px;--awb-spacing-left-large:37.5px;--awb-width-medium:100%;--awb-order-medium:0;--awb-spacing-right-medium:37.5px;--awb-spacing-left-medium:37.5px;--awb-width-small:100%;--awb-order-small:0;--awb-spacing-right-small:37.5px;--awb-spacing-left-small:37.5px;\"><div class=\"fusion-column-wrapper fusion-column-has-shadow fusion-flex-justify-content-flex-start fusion-content-layout-column\"><div class=\"fusion-title title fusion-title-4 fusion-sep-none fusion-title-text fusion-title-size-two\" style=\"--awb-text-color:var(--awb-color8);--awb-margin-top-small:10px;--awb-margin-right-small:0px;--awb-margin-bottom-small:10px;--awb-margin-left-small:0px;--awb-font-size:var(--awb-typography2-font-size);\"><h2 class=\"fusion-title-heading title-heading-left fusion-responsive-typography-calculated\" style=\"font-family:var(--awb-typography2-font-family);font-weight:var(--awb-typography2-font-weight);font-style:var(--awb-typography2-font-style);margin:0;letter-spacing:var(--awb-typography2-letter-spacing);text-transform:var(--awb-typography2-text-transform);font-size:1em;--fontSize:55;line-height:var(--awb-typography2-line-height);\">Ansatz<\/h2><\/div><div class=\"fusion-text fusion-text-2 fusion-text-no-margin\" style=\"--awb-font-size:var(--awb-typography4-font-size);--awb-line-height:var(--awb-typography4-line-height);--awb-letter-spacing:var(--awb-typography4-letter-spacing);--awb-text-transform:var(--awb-typography4-text-transform);--awb-text-color:var(--awb-color8);--awb-margin-bottom:50px;--awb-text-font-family:var(--awb-typography4-font-family);--awb-text-font-weight:var(--awb-typography4-font-weight);--awb-text-font-style:var(--awb-typography4-font-style);\"><ul>\n<li>Entwicklung von CeTI2-Plattformen f\u00fcr verteiltes Rechnen und KI.<\/li>\n<li>Untersuchung zuverl\u00e4ssiger Systeme zur Gew\u00e4hrleistung von Sicherheit und Datenschutz, insbesondere gegen Quantenbedrohungen.<\/li>\n<\/ul>\n<\/div><div class=\"fusion-title title fusion-title-5 fusion-sep-none fusion-title-text fusion-title-size-two\" style=\"--awb-text-color:var(--awb-color8);--awb-margin-top-small:10px;--awb-margin-right-small:0px;--awb-margin-bottom-small:10px;--awb-margin-left-small:0px;--awb-font-size:var(--awb-typography2-font-size);\"><h2 class=\"fusion-title-heading title-heading-left fusion-responsive-typography-calculated\" style=\"font-family:var(--awb-typography2-font-family);font-weight:var(--awb-typography2-font-weight);font-style:var(--awb-typography2-font-style);margin:0;letter-spacing:var(--awb-typography2-letter-spacing);text-transform:var(--awb-typography2-text-transform);font-size:1em;--fontSize:55;line-height:var(--awb-typography2-line-height);\">Erwartete Ergebnisse<\/h2><\/div><div class=\"fusion-text fusion-text-3\" style=\"--awb-font-size:var(--awb-typography4-font-size);--awb-line-height:var(--awb-typography4-line-height);--awb-letter-spacing:var(--awb-typography4-letter-spacing);--awb-text-transform:var(--awb-typography4-text-transform);--awb-text-color:var(--awb-color8);--awb-text-font-family:var(--awb-typography4-font-family);--awb-text-font-weight:var(--awb-typography4-font-weight);--awb-text-font-style:var(--awb-typography4-font-style);\"><ul>\n<li>OpenRAN\/5G-Aufgaben auf neuromorpher Hardware + FPGA-basierter Post-Quantum-Prototyp.<\/li>\n<li>Bewertung von OpenRAN-Teilfunktionen auf Quanten-Hardware + formale Verifikationsmethoden.<\/li>\n<li>Auslagerung von Rechenaufgaben auf analoge Hardware + Vergleich mit digitalen Plattformen.<\/li>\n<li>Implementierung von formal verifizierten kritischen Hardwarekomponenten.<\/li>\n<li>Quantenerweitertes OpenRAN auf heterogenen Plattformen.<\/li>\n<li>Erweiterung auf biologisches Rechnen, um nicht-Turing-rechenbare Funktionen zu adressieren.<\/li>\n<\/ul>\n<\/div><\/div><\/div><div class=\"fusion-layout-column fusion_builder_column fusion-builder-column-4 fusion_builder_column_1_2 1_2 fusion-flex-column\" style=\"--awb-bg-size:cover;--awb-width-large:50%;--awb-margin-top-large:0px;--awb-spacing-right-large:37.5px;--awb-margin-bottom-large:0px;--awb-spacing-left-large:37.5px;--awb-width-medium:100%;--awb-order-medium:0;--awb-spacing-right-medium:37.5px;--awb-spacing-left-medium:37.5px;--awb-width-small:100%;--awb-order-small:0;--awb-spacing-right-small:37.5px;--awb-spacing-left-small:37.5px;\"><div class=\"fusion-column-wrapper fusion-column-has-shadow fusion-flex-justify-content-flex-start fusion-content-layout-column\"><div class=\"fusion-video fusion-selfhosted-video\" style=\"max-width:80%;\"><div class=\"video-wrapper\"><video playsinline=\"true\" width=\"100%\" style=\"object-fit: cover;\" autoplay=\"true\" muted=\"true\" loop=\"true\" preload=\"auto\" controls=\"1\"><source src=\"https:\/\/ceti.one\/wp-content\/uploads\/copy_77887AFF-4B46-4B89-A694-8542581F44F6.mp4\" type=\"video\/mp4\">Sorry, your browser doesn&#039;t support embedded videos.<\/video><\/div><\/div><\/div><\/div><\/div><\/div><\/p>","protected":false},"excerpt":{"rendered":"","protected":false},"author":27,"featured_media":0,"parent":17518,"menu_order":0,"comment_status":"closed","ping_status":"closed","template":"100-width.php","meta":{"inline_featured_image":false,"footnotes":""},"class_list":["post-17553","page","type-page","status-publish","hentry"],"_links":{"self":[{"href":"https:\/\/ceti.one\/de\/wp-json\/wp\/v2\/pages\/17553","targetHints":{"allow":["GET"]}}],"collection":[{"href":"https:\/\/ceti.one\/de\/wp-json\/wp\/v2\/pages"}],"about":[{"href":"https:\/\/ceti.one\/de\/wp-json\/wp\/v2\/types\/page"}],"author":[{"embeddable":true,"href":"https:\/\/ceti.one\/de\/wp-json\/wp\/v2\/users\/27"}],"replies":[{"embeddable":true,"href":"https:\/\/ceti.one\/de\/wp-json\/wp\/v2\/comments?post=17553"}],"version-history":[{"count":0,"href":"https:\/\/ceti.one\/de\/wp-json\/wp\/v2\/pages\/17553\/revisions"}],"up":[{"embeddable":true,"href":"https:\/\/ceti.one\/de\/wp-json\/wp\/v2\/pages\/17518"}],"wp:attachment":[{"href":"https:\/\/ceti.one\/de\/wp-json\/wp\/v2\/media?parent=17553"}],"curies":[{"name":"wp","href":"https:\/\/api.w.org\/{rel}","templated":true}]}}