{"id":9315,"date":"2022-11-30T14:40:04","date_gmt":"2022-11-30T13:40:04","guid":{"rendered":"https:\/\/ceti.one\/?page_id=9315"},"modified":"2023-01-02T16:31:24","modified_gmt":"2023-01-02T15:31:24","slug":"privacy-and-data-security","status":"publish","type":"page","link":"https:\/\/ceti.one\/de\/privacy-and-data-security\/","title":{"rendered":"Datenschutz und Datensicherheit"},"content":{"rendered":"<div class=\"fusion-fullwidth fullwidth-box fusion-builder-row-1 fusion-flex-container has-pattern-background has-mask-background nonhundred-percent-fullwidth non-hundred-percent-height-scrolling force-dark-hover\" style=\"--awb-border-radius-top-left:0px;--awb-border-radius-top-right:0px;--awb-border-radius-bottom-right:0px;--awb-border-radius-bottom-left:0px;--awb-padding-top:369px;--awb-flex-wrap:wrap;\" ><div class=\"fusion-builder-row fusion-row fusion-flex-align-items-flex-start fusion-flex-content-wrap\" style=\"max-width:1872px;margin-left: calc(-4% \/ 2 );margin-right: calc(-4% \/ 2 );\"><div class=\"fusion-layout-column fusion_builder_column fusion-builder-column-0 fusion_builder_column_1_1 1_1 fusion-flex-column\" style=\"--awb-bg-size:cover;--awb-width-large:100%;--awb-margin-top-large:0px;--awb-spacing-right-large:1.92%;--awb-margin-bottom-large:0px;--awb-spacing-left-large:1.92%;--awb-width-medium:100%;--awb-order-medium:0;--awb-spacing-right-medium:1.92%;--awb-spacing-left-medium:1.92%;--awb-width-small:100%;--awb-order-small:0;--awb-spacing-right-small:1.92%;--awb-spacing-left-small:1.92%;\"><div class=\"fusion-column-wrapper fusion-column-has-shadow fusion-flex-justify-content-flex-start fusion-content-layout-column\"><div class=\"fusion-title title fusion-title-1 fusion-sep-none fusion-title-text fusion-title-size-one\" style=\"--awb-text-color:var(--awb-custom11);--awb-margin-top-small:10px;--awb-margin-right-small:0px;--awb-margin-bottom-small:10px;--awb-margin-left-small:0px;--awb-font-size:45px;\"><h1 class=\"fusion-title-heading title-heading-left fusion-responsive-typography-calculated\" style=\"margin:0;font-size:1em;--fontSize:45;line-height:var(--awb-typography1-line-height);\">Datenschutzerkl\u00e4rung<\/h1><\/div><div class=\"fusion-text fusion-text-1\" style=\"--awb-margin-top:-20px;\"><p>Im Folgenden wird u.a. erl\u00e4utert, welche Dienste zur Nutzung unserer Webpage eingesetzt und welche personenbezogenen Daten hierdurch ggf. verarbeitet werden. Verantwortlich f\u00fcr die Datenverarbeitung auf der Webpage ist:<\/p>\n<p><strong>Technische Universit\u00e4t Dresden<br \/>Centre for Tactile Internet with Human-in-the-Loop<br \/>CeTI Exzellenz-Cluster<br \/>+49 351 463-0<br \/>ceti@tu-dresden.de<\/strong><\/p>\n<\/div><div class=\"fusion-title title fusion-title-2 fusion-sep-none fusion-title-text fusion-title-size-two\" style=\"--awb-margin-top-small:10px;--awb-margin-right-small:0px;--awb-margin-bottom-small:10px;--awb-margin-left-small:0px;--awb-font-size:30px;\"><h2 class=\"fusion-title-heading title-heading-left fusion-responsive-typography-calculated\" style=\"margin:0;font-size:1em;--fontSize:30;--minFontSize:30;line-height:var(--awb-typography2-line-height);\">YouTube<\/h2><\/div><div class=\"fusion-text fusion-text-2 fusion-text-no-margin\" style=\"--awb-margin-top:-20px;--awb-margin-bottom:40px;\"><p>F\u00fcr Integration und Darstellung von Videoinhalten nutzt unsere Website Plugins von YouTube. Anbieter des Videoportals ist die YouTube, LLC, 901 Cherry Ave., San Bruno, CA 94066, USA.<\/p>\n<p>Bei Aufruf einer Seite mit integriertem YouTube-Plugin wird eine Verbindung zu den Servern von YouTube hergestellt. YouTube erf\u00e4hrt hierdurch, welche unserer Seiten Sie aufgerufen haben.<\/p>\n<p>YouTube kann Ihr Surfverhalten direkt Ihrem pers\u00f6nlichen Profil zuzuordnen, sollten Sie in Ihrem YouTube Konto eingeloggt sein. Durch vorheriges Ausloggen haben Sie die M\u00f6glichkeit, dies zu unterbinden.<\/p>\n<p>Die Nutzung von YouTube erfolgt im Interesse einer ansprechenden Darstellung unserer Online-Angebote. Die Verarbeitung der personenbezogenen Daten beruht auf Art. 6 Abs. 1 UAbs. 1 lit. a DSGVO (Einwilligung).<\/p>\n<p>Einzelheiten zum Umgang mit Nutzerdaten finden Sie in der Datenschutzerkl\u00e4rung von YouTube unter: <a href=\"https:\/\/www.google.de\/intl\/de\/policies\/privacy\" target=\"_blank\" rel=\"noopener\">https:\/\/www.google.de\/intl\/de\/policies\/privacy<\/a>.<\/p>\n<\/div><div class=\"fusion-title title fusion-title-3 fusion-sep-none fusion-title-text fusion-title-size-two\" style=\"--awb-margin-top-small:10px;--awb-margin-right-small:0px;--awb-margin-bottom-small:10px;--awb-margin-left-small:0px;--awb-font-size:30px;\"><h2 class=\"fusion-title-heading title-heading-left fusion-responsive-typography-calculated\" style=\"margin:0;font-size:1em;--fontSize:30;--minFontSize:30;line-height:var(--awb-typography2-line-height);\"><strong>Matomo (ehemals Piwik)<\/strong><\/h2><\/div><div class=\"fusion-text fusion-text-3 fusion-text-no-margin\" style=\"--awb-margin-top:-20px;--awb-margin-bottom:40px;\"><p>Unsere Website verwendet den Webanalysedienst Matomo. Matomo ist eine Open Source L\u00f6sung.<\/p>\n<p>Matomo verwendet \"Cookies.\" Das sind kleine Textdateien, die Ihr Webbrowser auf Ihrem Endger\u00e4t speichert und die eine Analyse der Website-Benutzung erm\u00f6glichen. Mittels Cookie erzeugte Informationen \u00fcber die Benutzung unserer Website werden auf unserem Server gespeichert. Vor der Speicherung erfolgt eine Anonymisierung Ihrer IP-Adresse.<\/p>\n<p>Cookies von Matomo verbleiben auf Ihrem Endger\u00e4t, bis Sie eine L\u00f6schung vornehmen.<\/p>\n<p>Das Setzen von Matomo-Cookies erfolgt auf Grundlage von \u00a7 25 TTDSG . Als Betreiber dieser Website haben wir ein berechtigtes Interesse an der anonymisierten Analyse des Nutzerverhaltens, um sowohl unser Webangebot und ggf. auch Werbung zu optimieren.<\/p>\n<p>Es erfolgt keine Weitergabe der im Matomo-Cookie gespeicherten Informationen \u00fcber die Benutzung dieser Website. Das Setzen von Cookies durch Ihren Webbrowser ist verhinderbar. Einige Funktionen unserer Website k\u00f6nnten dadurch jedoch eingeschr\u00e4nkt werden.<\/p>\n<p>Sie k\u00f6nnen hier die Speicherung und Nutzung Ihrer Daten deaktivieren. Ihr Browser setzt ein Opt-Out-Cookie, welches die Speicherung von Matomo Nutzungsdaten unterbindet. Wenn Sie Ihre Cookies l\u00f6schen, wird auch das Matomo Opt-Out-Cookie entfernt. Bei einem erneuten Besuch unserer Website ist das Opt-Out-Cookie zur Unterbindung der Speicherung und Nutzung Ihrer Daten erneut zu setzen.<\/p>\n<\/div><div class=\"fusion-title title fusion-title-4 fusion-sep-none fusion-title-text fusion-title-size-two\" style=\"--awb-margin-top-small:10px;--awb-margin-right-small:0px;--awb-margin-bottom-small:10px;--awb-margin-left-small:0px;--awb-font-size:30px;\"><h2 class=\"fusion-title-heading title-heading-left fusion-responsive-typography-calculated\" style=\"margin:0;font-size:1em;--fontSize:30;--minFontSize:30;line-height:var(--awb-typography2-line-height);\"><strong>Google Maps<\/strong><\/h2><\/div><div class=\"fusion-text fusion-text-4 fusion-text-no-margin\" style=\"--awb-margin-top:-20px;--awb-margin-bottom:40px;\"><p>Unsere Webseite nutzt den Kartendienst Google Maps, um zu zeigen mit welchen Schulen im Rahmen unserer Schulmodule kooperiert wurde. Anbieter ist die Google Ireland Limited (\u201eGoogle\u201c), Gordon House, Barrow Street, Dublin 4, Irland. Die Nutzung von Google Maps erfolgt im Interesse einer ansprechenden Darstellung der besuchten Schulen und deren leichten Auffindbarkeit auf der Website. Die Verarbeitung erfolgtausschlie\u00dflich auf Grundlage von Art. 6 Abs. 1 UAbs. 1 lit. a DSGVO; die Einwilligung ist jederzeit widerrufbar. <\/p>\n<p>Details finden Sie hier:<\/p>\n<p><a href=\"https:\/\/privacy.google.com\/businesses\/gdprcontrollerterms\/\" target=\"_blank\" rel=\"noopener\">https:\/\/privacy.google.com\/businesses\/gdprcontrollerterms\/<\/a> und<br \/><a href=\"https:\/\/privacy.google.com\/businesses\/gdprcontrollerterms\/sccs\/\" target=\"_blank\" rel=\"noopener\">https:\/\/privacy.google.com\/businesses\/gdprcontrollerterms\/sccs\/<\/a>.<\/p>\n<p>Mehr Informationen zum Umgang mit Nutzerdaten finden Sie in der Datenschutzerkl\u00e4rung von Google: <a href=\"https:\/\/policies.google.com\/privacy?hl=de\" target=\"_blank\" rel=\"noopener\">https:\/\/policies.google.com\/privacy?hl=de<\/a>.<\/p>\n<p>Die Nutzungsbedingungen f\u00fcr Google Maps finden Sie unter Nutzungsbedingungen f\u00fcr Google Maps. Ausf\u00fchrliche Details finden Sie im Datenschutz-Center von google.de: Transparenz und Wahlm\u00f6glichkeiten sowie Datenschutzbestimmungen.<\/p>\n<\/div><div class=\"fusion-title title fusion-title-5 fusion-sep-none fusion-title-text fusion-title-size-two\" style=\"--awb-margin-top-small:10px;--awb-margin-right-small:0px;--awb-margin-bottom-small:10px;--awb-margin-left-small:0px;--awb-font-size:30px;\"><h2 class=\"fusion-title-heading title-heading-left fusion-responsive-typography-calculated\" style=\"margin:0;font-size:1em;--fontSize:30;--minFontSize:30;line-height:var(--awb-typography2-line-height);\">Rechte der Betroffenen<\/h2><\/div><div class=\"fusion-text fusion-text-5 fusion-text-no-margin\" style=\"--awb-margin-top:-20px;--awb-margin-bottom:100px;\"><p><strong>Freiwilligkeit und Widerruf (Art. 7 Abs. 3 DSGVO)<\/strong><\/p>\n<p>Die Angabe personenbezogener Daten ist freiwillig. Die Einwilligung kann verweigert beziehungsweise jederzeit formlos und ohne Angabe von Gr\u00fcnden bei der\/dem Verantwortlichen widerrufen werden. Ihre personenbezogenen Daten werden daraufhin nicht mehr verarbeitet. Die Rechtm\u00e4\u00dfigkeit der aufgrund der Einwilligung bis zum Widerruf erfolgten Verarbeitung bleibt hiervon unber\u00fchrt.<\/p>\n<p><strong>Auskunftsrecht (Art. 15 DSGVO)<\/strong><\/p>\n<p>Sie haben das Recht, jederzeit Auskunft \u00fcber die zu Ihrer Person verarbeiteten Daten sowie die m\u00f6glichen Empf\u00e4nger:innen dieser Daten zu verlangen. Ihnen steht eine Antwort innerhalb einer Frist von einem Monat nach Eingang des Auskunftsersuchens zu.<\/p>\n<p><strong>Recht auf Berichtigung, L\u00f6schung und Einschr\u00e4nkung (Art. 16-18 DSGVO)<\/strong><\/p>\n<p>Sie k\u00f6nnen jederzeit gegen\u00fcber der TU Dresden die Berichtigung oder L\u00f6schung Ihrer personenbezogenen Daten oder die Einschr\u00e4nkung der Verarbeitung verlangen. <\/p>\n<p><strong>Recht auf Daten\u00fcbertragbarkeit (Art. 20 DSGVO)<\/strong><\/p>\n<p>Sie k\u00f6nnen verlangen, dass der\/die Verantwortliche Ihnen Ihre personenbezogenen Daten in maschinenlesbarer Form \u00fcbermittelt. Alternativ k\u00f6nnen Sie die direkte \u00dcbermittlung der von Ihnen bereitgestellten personenbezogenen Daten an eine:n andere:n Verantwortliche:n verlangen, soweit dies m\u00f6glich ist.<\/p>\n<p><strong>Beschwerderecht (Art. 77 DSGVO)<\/strong><\/p>\n<p>Sie k\u00f6nnen sich jederzeit an den Datenschutzbeauftragten der TU Dresden (siehe oben) sowie bei einer Beschwerde nach Art. 77 DSGVO an die zust\u00e4ndige Aufsichtsbeh\u00f6rde zum Datenschutz wenden. <br \/>Zust\u00e4ndige Aufsichtsbeh\u00f6rde:<br \/>S\u00e4chsischer Datenschutzbeauftragter<br \/>Ms. Dr. Juliane Hundert<br \/>Devrientstra\u00dfe 5<br \/>01067 Dresden<br \/>E-mail: saechsdsb@slt.sachsen.de<br \/>Tel.: + 49 (0) 35185471 101<br \/><a href=\"https:\/\/www.saechsdsb.de\/\" target=\"_blank\" rel=\"noopener noreferrer\">www.saechsdsb.de\/<\/a><\/p>\n<p>Hinweis: Zur Inanspruchnahme der Rechte gen\u00fcgt eine Mitteilung in Textform (Brief oder E-Mail) an die verantwortliche Stelle (s.o.). Die Inanspruchnahme der Rechte entfaltet jedoch nur eine Wirkung, wenn durch die verarbeiteten Daten eine Identifizierung Ihrer Person m\u00f6glich ist.<\/p><\/p>\n<\/div><\/div><\/div><\/div><\/div>","protected":false},"excerpt":{"rendered":"","protected":false},"author":17,"featured_media":0,"parent":0,"menu_order":0,"comment_status":"closed","ping_status":"closed","template":"","meta":{"inline_featured_image":false,"footnotes":""},"class_list":["post-9315","page","type-page","status-publish","hentry"],"_links":{"self":[{"href":"https:\/\/ceti.one\/de\/wp-json\/wp\/v2\/pages\/9315","targetHints":{"allow":["GET"]}}],"collection":[{"href":"https:\/\/ceti.one\/de\/wp-json\/wp\/v2\/pages"}],"about":[{"href":"https:\/\/ceti.one\/de\/wp-json\/wp\/v2\/types\/page"}],"author":[{"embeddable":true,"href":"https:\/\/ceti.one\/de\/wp-json\/wp\/v2\/users\/17"}],"replies":[{"embeddable":true,"href":"https:\/\/ceti.one\/de\/wp-json\/wp\/v2\/comments?post=9315"}],"version-history":[{"count":0,"href":"https:\/\/ceti.one\/de\/wp-json\/wp\/v2\/pages\/9315\/revisions"}],"wp:attachment":[{"href":"https:\/\/ceti.one\/de\/wp-json\/wp\/v2\/media?parent=9315"}],"curies":[{"name":"wp","href":"https:\/\/api.w.org\/{rel}","templated":true}]}}