{"id":9378,"date":"2022-11-24T16:11:26","date_gmt":"2022-11-24T15:11:26","guid":{"rendered":"https:\/\/ceti.one\/privacy-and-data-security-copy\/"},"modified":"2022-12-16T11:58:28","modified_gmt":"2022-12-16T10:58:28","slug":"accessibility","status":"publish","type":"page","link":"https:\/\/ceti.one\/de\/accessibility\/","title":{"rendered":"Barrierefreiheit"},"content":{"rendered":"<div class=\"fusion-fullwidth fullwidth-box fusion-builder-row-1 fusion-flex-container has-pattern-background has-mask-background nonhundred-percent-fullwidth non-hundred-percent-height-scrolling\" style=\"--awb-border-radius-top-left:0px;--awb-border-radius-top-right:0px;--awb-border-radius-bottom-right:0px;--awb-border-radius-bottom-left:0px;--awb-padding-top:289px;--awb-flex-wrap:wrap;\" ><div class=\"fusion-builder-row fusion-row fusion-flex-align-items-flex-start fusion-flex-content-wrap\" style=\"max-width:1872px;margin-left: calc(-4% \/ 2 );margin-right: calc(-4% \/ 2 );\"><div class=\"fusion-layout-column fusion_builder_column fusion-builder-column-0 fusion_builder_column_1_1 1_1 fusion-flex-column force-dark-hover\" style=\"--awb-bg-size:cover;--awb-width-large:100%;--awb-margin-top-large:0px;--awb-spacing-right-large:1.92%;--awb-margin-bottom-large:0px;--awb-spacing-left-large:1.92%;--awb-width-medium:100%;--awb-order-medium:0;--awb-spacing-right-medium:1.92%;--awb-spacing-left-medium:1.92%;--awb-width-small:100%;--awb-order-small:0;--awb-spacing-right-small:1.92%;--awb-spacing-left-small:1.92%;\"><div class=\"fusion-column-wrapper fusion-column-has-shadow fusion-flex-justify-content-flex-start fusion-content-layout-column\"><div class=\"fusion-title title fusion-title-1 fusion-sep-none fusion-title-text fusion-title-size-one\" style=\"--awb-text-color:var(--awb-custom11);--awb-margin-top-small:10px;--awb-margin-right-small:0px;--awb-margin-bottom-small:10px;--awb-margin-left-small:0px;--awb-font-size:45px;\"><h1 class=\"fusion-title-heading title-heading-left fusion-responsive-typography-calculated\" style=\"margin:0;font-size:1em;--fontSize:45;line-height:var(--awb-typography1-line-height);\">Barrierefreiheitserkl\u00e4rung<\/h1><\/div><div class=\"fusion-text fusion-text-1\"><p>Diese Erkl\u00e4rung zur Barrierefreiheit gilt f\u00fcr <a href=\"https:\/\/ceti.one\/de\/\">https:\/\/ceti.one\/<\/a>. Diese Website wird vom Exzellenzcluster CeTI der Technischen Universit\u00e4t Dresden betrieben.<\/p>\n<p>Das Exzellenzcluster CeTI ist bem\u00fcht, ihre unter https:\/\/ceti.one\/ ver\u00f6ffentlichte Webseite im Einklang mit den Bestimmungen des Barrierefreie-Websites-Gesetz (BfWebG) in Verbindung mit der Barrierefreie-Informationstechnik-Verordnung (BITV 2.0) barrierefrei zug\u00e4nglich zu machen.<\/p>\n<\/div><div class=\"fusion-title title fusion-title-2 fusion-sep-none fusion-title-text fusion-title-size-two\" style=\"--awb-margin-top-small:10px;--awb-margin-right-small:0px;--awb-margin-bottom-small:10px;--awb-margin-left-small:0px;--awb-font-size:30px;\"><h2 class=\"fusion-title-heading title-heading-left fusion-responsive-typography-calculated\" style=\"margin:0;font-size:1em;--fontSize:30;--minFontSize:30;line-height:var(--awb-typography2-line-height);\">Erstellung dieser Erkl\u00e4rung zur Barrierefreiheit<\/h2><\/div><div class=\"fusion-text fusion-text-2 fusion-text-no-margin\" style=\"--awb-margin-top:-20px;--awb-margin-bottom:20px;\"><p>Diese Erkl\u00e4rung wurde am 05.12.22  erstellt und zuletzt am 05.12.22 aktualisiert.<\/p>\n<\/div><div class=\"fusion-title title fusion-title-3 fusion-sep-none fusion-title-text fusion-title-size-two\" style=\"--awb-margin-top-small:10px;--awb-margin-right-small:0px;--awb-margin-bottom-small:10px;--awb-margin-left-small:0px;--awb-font-size:30px;\"><h2 class=\"fusion-title-heading title-heading-left fusion-responsive-typography-calculated\" style=\"margin:0;font-size:1em;--fontSize:30;--minFontSize:30;line-height:var(--awb-typography2-line-height);\">Stand der Barrierefreiheit<\/h2><\/div><div class=\"fusion-text fusion-text-3 fusion-text-no-margin\" style=\"--awb-margin-top:-20px;--awb-margin-bottom:20px;\"><p>Diese Website ist wegen der folgenden Unvereinbarkeiten und\/oder Ausnahmen teilweise mit den Vorgaben des BfWebG in Verbindung mit der BITV 2.0 vereinbar.<\/p>\n<\/div><div class=\"fusion-title title fusion-title-4 fusion-sep-none fusion-title-text fusion-title-size-two\" style=\"--awb-margin-top-small:10px;--awb-margin-right-small:0px;--awb-margin-bottom-small:10px;--awb-margin-left-small:0px;--awb-font-size:30px;\"><h2 class=\"fusion-title-heading title-heading-left fusion-responsive-typography-calculated\" style=\"margin:0;font-size:1em;--fontSize:30;--minFontSize:30;line-height:var(--awb-typography2-line-height);\">Nicht barrierefreie Inhalte<\/h2><\/div><div class=\"fusion-text fusion-text-4 fusion-text-no-margin\" style=\"--awb-margin-top:-40px;--awb-margin-bottom:40px;\"><ul>\n<li><em>F\u00fcr eingebettete (YouTube-)Videos wird keine Audiobeschreibung angeboten<\/em><\/li>\n<li><em>Vereinzelte farbige Bereiche mit Text erf\u00fcllen nicht die erforderlichen Kontrastwerte (z.B. Highlights-Slider auf\u00a0<a href=\"https:\/\/ceti.one\/de\/society\/\">https:\/\/ceti.one\/society\/<\/a>).<\/em><\/li>\n<li><em>Einzelne Bilder verf\u00fcgen \u00fcber (noch) keinen Alternativtext.<\/em><\/li>\n<\/ul>\n<\/div><div class=\"fusion-title title fusion-title-5 fusion-sep-none fusion-title-text fusion-title-size-two\" style=\"--awb-margin-top-small:10px;--awb-margin-right-small:0px;--awb-margin-bottom-small:10px;--awb-margin-left-small:0px;--awb-font-size:30px;\"><h2 class=\"fusion-title-heading title-heading-left fusion-responsive-typography-calculated\" style=\"margin:0;font-size:1em;--fontSize:30;--minFontSize:30;line-height:var(--awb-typography2-line-height);\">Kontakt<\/h2><\/div><div class=\"fusion-text fusion-text-5 fusion-text-no-margin\" style=\"--awb-margin-top:-20px;--awb-margin-bottom:20px;\"><p>Sollten Ihnen M\u00e4ngel in Bezug auf die barrierefreie Gestaltung auffallen, wenden Sie sich bitte an Doreen B\u00f6ttcher,\u00a0<a href=\"mailto:doreen.boettcher@tu-dresden.de\">doreen.boettcher@tu-dresden.de<\/a>, +49 351 463-40407<\/p>\n<\/div><div class=\"fusion-title title fusion-title-6 fusion-sep-none fusion-title-text fusion-title-size-two\" style=\"--awb-margin-top-small:10px;--awb-margin-right-small:0px;--awb-margin-bottom-small:10px;--awb-margin-left-small:0px;--awb-font-size:30px;\"><h2 class=\"fusion-title-heading title-heading-left fusion-responsive-typography-calculated\" style=\"margin:0;font-size:1em;--fontSize:30;--minFontSize:30;line-height:var(--awb-typography2-line-height);\">Durchsetzungsverfahren<\/h2><\/div><div class=\"fusion-text fusion-text-6 fusion-text-no-margin\" style=\"--awb-margin-top:-20px;--awb-margin-bottom:20px;\"><p>Wenn wir Ihre R\u00fcckmeldungen aus Ihrer Sicht nicht befriedigend bearbeiten, k\u00f6nnen Sie sich an die <em>S\u00e4chsische Durchsetzungsstelle wenden:<\/em>:<\/p>\n<p>Beauftragter der S\u00e4chsischen Staatsregierung f\u00fcr die Belange von Menschen mit Behinderungen<br \/>\nAlbertstra\u00dfe 10, 01097 Dresden<\/p>\n<p>Postanschrift: Archivstra\u00dfe 1, 01097 Dresden<br \/>\nEmail: <a href=\"mailto:info.behindertenbeauftragter@sk.sachsen.de\"><u>info.behindertenbeauftragter@sk.sachsen.de<\/u><\/a><br \/>\nTelefon: 0351 564-12161<br \/>\nFax: 0351 564-12169<br \/>\nWebseite: <a href=\"https:\/\/www.inklusion.sachsen.de\/\"><u>https:\/\/www.inklusion.sachsen.de<\/u><\/a><\/p>\n<\/div><div class=\"fusion-title title fusion-title-7 fusion-sep-none fusion-title-text fusion-title-size-two\" style=\"--awb-margin-top-small:10px;--awb-margin-right-small:0px;--awb-margin-bottom-small:10px;--awb-margin-left-small:0px;--awb-font-size:30px;\"><h2 class=\"fusion-title-heading title-heading-left fusion-responsive-typography-calculated\" style=\"margin:0;font-size:1em;--fontSize:30;--minFontSize:30;line-height:var(--awb-typography2-line-height);\">F\u00f6rderung<\/h2><\/div><div class=\"fusion-text fusion-text-7 fusion-text-no-margin\" style=\"--awb-margin-top:-20px;--awb-margin-bottom:100px;\"><p><img decoding=\"async\" class=\"lazyload alignnone  wp-image-9471\" src=\"data:image\/svg+xml,%3Csvg%20xmlns%3D%27http%3A%2F%2Fwww.w3.org%2F2000%2Fsvg%27%20width%3D%27121%27%20height%3D%27182%27%20viewBox%3D%270%200%20121%20182%27%3E%3Crect%20width%3D%27121%27%20height%3D%27182%27%20fill-opacity%3D%220%22%2F%3E%3C%2Fsvg%3E\" data-orig-src=\"https:\/\/ceti.one\/wp-content\/uploads\/Signet_gruen.gif\" alt=\"Landessignet Freistaat Sachsen\" width=\"121\" height=\"182\" \/><\/p>\n<p>Diese Ma\u00dfnahme wird mitfinanziert durch Steuermittel auf der Grundlage des vom S\u00e4chsischen Landtag beschlossenen Haushaltes.<\/p>\n<p>\u00a0<\/p>\n<p>\u00a0<\/p>\n<\/div><\/div><\/div><\/div><\/div>","protected":false},"excerpt":{"rendered":"","protected":false},"author":17,"featured_media":0,"parent":0,"menu_order":0,"comment_status":"closed","ping_status":"closed","template":"","meta":{"inline_featured_image":false,"footnotes":""},"class_list":["post-9378","page","type-page","status-publish","hentry"],"_links":{"self":[{"href":"https:\/\/ceti.one\/de\/wp-json\/wp\/v2\/pages\/9378","targetHints":{"allow":["GET"]}}],"collection":[{"href":"https:\/\/ceti.one\/de\/wp-json\/wp\/v2\/pages"}],"about":[{"href":"https:\/\/ceti.one\/de\/wp-json\/wp\/v2\/types\/page"}],"author":[{"embeddable":true,"href":"https:\/\/ceti.one\/de\/wp-json\/wp\/v2\/users\/17"}],"replies":[{"embeddable":true,"href":"https:\/\/ceti.one\/de\/wp-json\/wp\/v2\/comments?post=9378"}],"version-history":[{"count":0,"href":"https:\/\/ceti.one\/de\/wp-json\/wp\/v2\/pages\/9378\/revisions"}],"wp:attachment":[{"href":"https:\/\/ceti.one\/de\/wp-json\/wp\/v2\/media?parent=9378"}],"curies":[{"name":"wp","href":"https:\/\/api.w.org\/{rel}","templated":true}]}}